{"id":10132,"date":"2022-12-05T16:40:23","date_gmt":"2022-12-05T14:40:23","guid":{"rendered":"https:\/\/thetanco.ee\/product\/the-tan-co-instant-medium-self-tanning-foam-mousse\/"},"modified":"2025-10-27T04:15:27","modified_gmt":"2025-10-27T02:15:27","slug":"the-tan-co-instant-medium-selftanning-mousse","status":"publish","type":"product","link":"https:\/\/thetanco.ee\/en\/product\/the-tan-co-instant-medium-selftanning-mousse\/","title":{"rendered":"The Tan Co. Instant Medium &#8211; Self Tanning Foam Mousse"},"content":{"rendered":"<p>The Tan Co. Self-tanning foam Medium with a guide to natural tan tones. Vaht on ilma asov\u00e4rvideta<br \/>\nja annab kiiresti loomuliku suvise p\u00e4evituse.<\/p>\n<p>Natural sugar (DHA) provides a brown complexion after 3 hours. Takes into account your well-being and that of the environment. Moisturizes the skin for 48 hours. The result lasts for 7-10 days.<\/p>\n<p>NB! Applying the product to the skin and warming the skin may have a self-tan-like smell, but the product does not contain any added perfumes.<\/p>\n<p>\u2013 150 ML<br \/>\n\u2013 Ilma alkoholita<br \/>\n\u2013 Ei sisalda parf\u00fc\u00fcme<br \/>\n\u2013 Ei ole testitud loomade peal<br \/>\n\u2013 Vegan-sertifitseeritud<\/p>\n<p>INSTRUCTIONS FOR USE: Press the pump down and dispense the desired amount of self-tanner onto the palm of your hand or directly onto the tanning mitt. Apply self-tanning foam directly in a uniform thin layer on the skin. Wash your hands thoroughly after use. It is advisable to use a special glove (tanning glove). Medium is not intended for use on the face.<\/p>\n<p>HELPFUL TIPS BEFORE TREATMENT: NEVER shave, wax or exfoliate on the same day you apply self-tanning cream. Remove possible make-up. Rinse the skin with cold or lukewarm water without using soap and dab the skin dry. It is advisable to cover the blonde hair with a towel. Apply moisturizing cream to dry areas of the skin.<\/p>\n<p>USEFUL TIPS DURING AND AFTER TREATMENT: Make sure there is enough lighting and distribute the self-tanner carefully and evenly on the skin. Apply the cream to the hands and feet in as thin a layer as possible. For optimal results, wait at least 4 hours before bathing or bathing. Being in the water for the first 4 hours worsens the result. If you are doing sports, then it is advisable to do it before care, as sweat worsens the result. Moisturize the skin frequently.<\/p>\n<p>Ingredients:<\/p>\n<p>Aqua (vesi), propaandiool,<br \/>\nDih\u00fcdroks\u00fcatsetoon, pol\u00fcsorbaat 80, sahhariidi isomeraat, kokamidoprop\u00fc\u00fcl<br \/>\nBetaiin, gl\u00fckonolaktoon, PEG-40 h\u00fcdrogeenitud kastoor\u00f5li, kapr\u00fc\u00fcl\u00fc\u00fcl<br \/>\ngl\u00fckool, dimet\u00fc\u00fclisosorbiid, gl\u00fctseriin, naatriumvesiniksulfit, sahharoos<br \/>\nLauraat, sidrunhape, fenoks\u00fcetanool, CI 19140, CI 15985, CI 28440, CI<br \/>\n16255, CI 16185, naatriumsulfaat.<\/p>\n","protected":false},"excerpt":{"rendered":"<p>The Tan Co. Self-tanning foam Medium with a guide to natural tan tones. The foam is devoid of azo dyes and quickly gives a natural summer tan.<\/p>\n<p>Natural sugar (DHA) provides an immediate brown complexion.<\/p>\n<p>Takes into account your well-being and that of the environment.<\/p>\n<p>Moisturizes the skin for 48 hours.<\/p>\n<p>The result lasts for 7-10 days.<\/p>\n","protected":false},"featured_media":10114,"comment_status":"open","ping_status":"closed","template":"","meta":[],"product_brand":[],"product_cat":[89],"product_tag":[],"class_list":{"0":"post-10132","1":"product","2":"type-product","3":"status-publish","4":"has-post-thumbnail","6":"product_cat-foams","8":"first","9":"instock","10":"taxable","11":"shipping-taxable","12":"purchasable","13":"product-type-simple"},"yoast_head":"<!-- This site is optimized with the Yoast SEO plugin v26.9 - https:\/\/yoast.com\/product\/yoast-seo-wordpress\/ -->\n<title>The Tan Co. Instant Medium - Self Tanning Foam Mousse - TheTanCo Esinduskauplus Eestis<\/title>\n<meta name=\"description\" content=\"The Tan Co. Self-tanning foam Medium with a guide to natural tan tones. The foam is without azo dyes and quickly gives a natural summer tan. Natural sugar (DHA) ensures an instant brown complexion. Takes into account the well-being of you and the environment. Moisturizes the skin for 48 hours. The result lasts 7-10 days.\" \/>\n<meta name=\"robots\" content=\"index, follow, max-snippet:-1, max-image-preview:large, max-video-preview:-1\" \/>\n<link rel=\"canonical\" href=\"https:\/\/thetanco.ee\/en\/product\/the-tan-co-instant-medium-selftanning-mousse\/\" \/>\n<meta property=\"og:locale\" content=\"en_US\" \/>\n<meta property=\"og:type\" content=\"article\" \/>\n<meta property=\"og:title\" content=\"The Tan Co. Instant Medium - Self Tanning Foam Mousse - TheTanCo Esinduskauplus Eestis\" \/>\n<meta property=\"og:description\" content=\"The Tan Co. Self-tanning foam Medium with a guide to natural tan tones. The foam is without azo dyes and quickly gives a natural summer tan. Natural sugar (DHA) ensures an instant brown complexion. Takes into account the well-being of you and the environment. Moisturizes the skin for 48 hours. The result lasts 7-10 days.\" \/>\n<meta property=\"og:url\" content=\"https:\/\/thetanco.ee\/en\/product\/the-tan-co-instant-medium-selftanning-mousse\/\" \/>\n<meta property=\"og:site_name\" content=\"TheTanCo Esinduskauplus Eestis\" \/>\n<meta property=\"article:modified_time\" content=\"2025-10-27T02:15:27+00:00\" \/>\n<meta property=\"og:image\" content=\"https:\/\/thetanco.ee\/wp-content\/uploads\/2022\/12\/f001d62e-e082-461d-a801-453751728604.png\" \/>\n\t<meta property=\"og:image:width\" content=\"1080\" \/>\n\t<meta property=\"og:image:height\" content=\"1080\" \/>\n\t<meta property=\"og:image:type\" content=\"image\/png\" \/>\n<meta name=\"twitter:card\" content=\"summary_large_image\" \/>\n<meta name=\"twitter:label1\" content=\"Est. reading time\" \/>\n\t<meta name=\"twitter:data1\" content=\"3 minutes\" \/>\n<script type=\"application\/ld+json\" class=\"yoast-schema-graph\">{\"@context\":\"https:\/\/schema.org\",\"@graph\":[{\"@type\":\"WebPage\",\"@id\":\"https:\/\/thetanco.ee\/en\/product\/the-tan-co-instant-medium-selftanning-mousse\/\",\"url\":\"https:\/\/thetanco.ee\/en\/product\/the-tan-co-instant-medium-selftanning-mousse\/\",\"name\":\"The Tan Co. Instant Medium - Self Tanning Foam Mousse - TheTanCo Esinduskauplus Eestis\",\"isPartOf\":{\"@id\":\"https:\/\/thetanco.ee\/en\/#website\"},\"primaryImageOfPage\":{\"@id\":\"https:\/\/thetanco.ee\/en\/product\/the-tan-co-instant-medium-selftanning-mousse\/#primaryimage\"},\"image\":{\"@id\":\"https:\/\/thetanco.ee\/en\/product\/the-tan-co-instant-medium-selftanning-mousse\/#primaryimage\"},\"thumbnailUrl\":\"https:\/\/thetanco.ee\/wp-content\/uploads\/2022\/12\/f001d62e-e082-461d-a801-453751728604.png\",\"datePublished\":\"2022-12-05T14:40:23+00:00\",\"dateModified\":\"2025-10-27T02:15:27+00:00\",\"description\":\"The Tan Co. Self-tanning foam Medium with a guide to natural tan tones. The foam is without azo dyes and quickly gives a natural summer tan. Natural sugar (DHA) ensures an instant brown complexion. Takes into account the well-being of you and the environment. Moisturizes the skin for 48 hours. The result lasts 7-10 days.\",\"breadcrumb\":{\"@id\":\"https:\/\/thetanco.ee\/en\/product\/the-tan-co-instant-medium-selftanning-mousse\/#breadcrumb\"},\"inLanguage\":\"en-US\",\"potentialAction\":[{\"@type\":\"ReadAction\",\"target\":[\"https:\/\/thetanco.ee\/en\/product\/the-tan-co-instant-medium-selftanning-mousse\/\"]}]},{\"@type\":\"ImageObject\",\"inLanguage\":\"en-US\",\"@id\":\"https:\/\/thetanco.ee\/en\/product\/the-tan-co-instant-medium-selftanning-mousse\/#primaryimage\",\"url\":\"https:\/\/thetanco.ee\/wp-content\/uploads\/2022\/12\/f001d62e-e082-461d-a801-453751728604.png\",\"contentUrl\":\"https:\/\/thetanco.ee\/wp-content\/uploads\/2022\/12\/f001d62e-e082-461d-a801-453751728604.png\",\"width\":1080,\"height\":1080},{\"@type\":\"BreadcrumbList\",\"@id\":\"https:\/\/thetanco.ee\/en\/product\/the-tan-co-instant-medium-selftanning-mousse\/#breadcrumb\",\"itemListElement\":[{\"@type\":\"ListItem\",\"position\":1,\"name\":\"Home\",\"item\":\"https:\/\/thetanco.ee\/en\/\"},{\"@type\":\"ListItem\",\"position\":2,\"name\":\"Shop\",\"item\":\"https:\/\/thetanco.ee\/en\/shop\/\"},{\"@type\":\"ListItem\",\"position\":3,\"name\":\"The Tan Co. Instant Medium &#8211; Self Tanning Foam Mousse\"}]},{\"@type\":\"WebSite\",\"@id\":\"https:\/\/thetanco.ee\/en\/#website\",\"url\":\"https:\/\/thetanco.ee\/en\/\",\"name\":\"TheTanCo Esinduskauplus Eestis\",\"description\":\"\",\"potentialAction\":[{\"@type\":\"SearchAction\",\"target\":{\"@type\":\"EntryPoint\",\"urlTemplate\":\"https:\/\/thetanco.ee\/en\/?s={search_term_string}\"},\"query-input\":{\"@type\":\"PropertyValueSpecification\",\"valueRequired\":true,\"valueName\":\"search_term_string\"}}],\"inLanguage\":\"en-US\"}]}<\/script>\n<!-- \/ Yoast SEO plugin. -->","yoast_head_json":{"title":"The Tan Co. Instant Medium - Self Tanning Foam Mousse - TheTanCo Esinduskauplus Eestis","description":"The Tan Co. Self-tanning foam Medium with a guide to natural tan tones. The foam is without azo dyes and quickly gives a natural summer tan. Natural sugar (DHA) ensures an instant brown complexion. Takes into account the well-being of you and the environment. Moisturizes the skin for 48 hours. The result lasts 7-10 days.","robots":{"index":"index","follow":"follow","max-snippet":"max-snippet:-1","max-image-preview":"max-image-preview:large","max-video-preview":"max-video-preview:-1"},"canonical":"https:\/\/thetanco.ee\/en\/product\/the-tan-co-instant-medium-selftanning-mousse\/","og_locale":"en_US","og_type":"article","og_title":"The Tan Co. Instant Medium - Self Tanning Foam Mousse - TheTanCo Esinduskauplus Eestis","og_description":"The Tan Co. Self-tanning foam Medium with a guide to natural tan tones. The foam is without azo dyes and quickly gives a natural summer tan. Natural sugar (DHA) ensures an instant brown complexion. Takes into account the well-being of you and the environment. Moisturizes the skin for 48 hours. The result lasts 7-10 days.","og_url":"https:\/\/thetanco.ee\/en\/product\/the-tan-co-instant-medium-selftanning-mousse\/","og_site_name":"TheTanCo Esinduskauplus Eestis","article_modified_time":"2025-10-27T02:15:27+00:00","og_image":[{"width":1080,"height":1080,"url":"https:\/\/thetanco.ee\/wp-content\/uploads\/2022\/12\/f001d62e-e082-461d-a801-453751728604.png","type":"image\/png"}],"twitter_card":"summary_large_image","twitter_misc":{"Est. reading time":"3 minutes"},"schema":{"@context":"https:\/\/schema.org","@graph":[{"@type":"WebPage","@id":"https:\/\/thetanco.ee\/en\/product\/the-tan-co-instant-medium-selftanning-mousse\/","url":"https:\/\/thetanco.ee\/en\/product\/the-tan-co-instant-medium-selftanning-mousse\/","name":"The Tan Co. Instant Medium - Self Tanning Foam Mousse - TheTanCo Esinduskauplus Eestis","isPartOf":{"@id":"https:\/\/thetanco.ee\/en\/#website"},"primaryImageOfPage":{"@id":"https:\/\/thetanco.ee\/en\/product\/the-tan-co-instant-medium-selftanning-mousse\/#primaryimage"},"image":{"@id":"https:\/\/thetanco.ee\/en\/product\/the-tan-co-instant-medium-selftanning-mousse\/#primaryimage"},"thumbnailUrl":"https:\/\/thetanco.ee\/wp-content\/uploads\/2022\/12\/f001d62e-e082-461d-a801-453751728604.png","datePublished":"2022-12-05T14:40:23+00:00","dateModified":"2025-10-27T02:15:27+00:00","description":"The Tan Co. Self-tanning foam Medium with a guide to natural tan tones. The foam is without azo dyes and quickly gives a natural summer tan. Natural sugar (DHA) ensures an instant brown complexion. Takes into account the well-being of you and the environment. Moisturizes the skin for 48 hours. The result lasts 7-10 days.","breadcrumb":{"@id":"https:\/\/thetanco.ee\/en\/product\/the-tan-co-instant-medium-selftanning-mousse\/#breadcrumb"},"inLanguage":"en-US","potentialAction":[{"@type":"ReadAction","target":["https:\/\/thetanco.ee\/en\/product\/the-tan-co-instant-medium-selftanning-mousse\/"]}]},{"@type":"ImageObject","inLanguage":"en-US","@id":"https:\/\/thetanco.ee\/en\/product\/the-tan-co-instant-medium-selftanning-mousse\/#primaryimage","url":"https:\/\/thetanco.ee\/wp-content\/uploads\/2022\/12\/f001d62e-e082-461d-a801-453751728604.png","contentUrl":"https:\/\/thetanco.ee\/wp-content\/uploads\/2022\/12\/f001d62e-e082-461d-a801-453751728604.png","width":1080,"height":1080},{"@type":"BreadcrumbList","@id":"https:\/\/thetanco.ee\/en\/product\/the-tan-co-instant-medium-selftanning-mousse\/#breadcrumb","itemListElement":[{"@type":"ListItem","position":1,"name":"Home","item":"https:\/\/thetanco.ee\/en\/"},{"@type":"ListItem","position":2,"name":"Shop","item":"https:\/\/thetanco.ee\/en\/shop\/"},{"@type":"ListItem","position":3,"name":"The Tan Co. Instant Medium &#8211; Self Tanning Foam Mousse"}]},{"@type":"WebSite","@id":"https:\/\/thetanco.ee\/en\/#website","url":"https:\/\/thetanco.ee\/en\/","name":"TheTanCo Esinduskauplus Eestis","description":"","potentialAction":[{"@type":"SearchAction","target":{"@type":"EntryPoint","urlTemplate":"https:\/\/thetanco.ee\/en\/?s={search_term_string}"},"query-input":{"@type":"PropertyValueSpecification","valueRequired":true,"valueName":"search_term_string"}}],"inLanguage":"en-US"}]}},"_links":{"self":[{"href":"https:\/\/thetanco.ee\/en\/wp-json\/wp\/v2\/product\/10132","targetHints":{"allow":["GET"]}}],"collection":[{"href":"https:\/\/thetanco.ee\/en\/wp-json\/wp\/v2\/product"}],"about":[{"href":"https:\/\/thetanco.ee\/en\/wp-json\/wp\/v2\/types\/product"}],"replies":[{"embeddable":true,"href":"https:\/\/thetanco.ee\/en\/wp-json\/wp\/v2\/comments?post=10132"}],"version-history":[{"count":0,"href":"https:\/\/thetanco.ee\/en\/wp-json\/wp\/v2\/product\/10132\/revisions"}],"wp:featuredmedia":[{"embeddable":true,"href":"https:\/\/thetanco.ee\/en\/wp-json\/wp\/v2\/media\/10114"}],"wp:attachment":[{"href":"https:\/\/thetanco.ee\/en\/wp-json\/wp\/v2\/media?parent=10132"}],"wp:term":[{"taxonomy":"product_brand","embeddable":true,"href":"https:\/\/thetanco.ee\/en\/wp-json\/wp\/v2\/product_brand?post=10132"},{"taxonomy":"product_cat","embeddable":true,"href":"https:\/\/thetanco.ee\/en\/wp-json\/wp\/v2\/product_cat?post=10132"},{"taxonomy":"product_tag","embeddable":true,"href":"https:\/\/thetanco.ee\/en\/wp-json\/wp\/v2\/product_tag?post=10132"}],"curies":[{"name":"wp","href":"https:\/\/api.w.org\/{rel}","templated":true}]}}