{"id":9087,"date":"2022-06-15T20:37:00","date_gmt":"2022-06-15T17:37:00","guid":{"rendered":"https:\/\/thetanco.ee\/product\/the-tan-co-self-tanning-face-drops\/"},"modified":"2026-04-09T17:48:07","modified_gmt":"2026-04-09T14:48:07","slug":"the-tan-co-self-tanning-facedrops","status":"publish","type":"product","link":"https:\/\/thetanco.ee\/en\/product\/the-tan-co-self-tanning-facedrops\/","title":{"rendered":"The Tan Co. &#8211; Self-tanning face drops"},"content":{"rendered":"<p><em><strong>USAGE:<\/strong><\/em><\/p>\n<p>Pump 2-3 drops into your face or body lotion and apply to your face. We recommend using an exfoliator the day before and moisturizing the skin a few hours before application.<\/p>\n<p>Immediately apply a thin and even layer. Avoid applying directly to the eyes, ears and lips, and be especially careful when bordering like hands and feet, wash the ropes thoroughly after use. To apply it, you can use the wonderful The Tan Co make-up brush on your face.<\/p>\n<p>-50 ml<br \/>\n-Ilma alkoholita<br \/>\n-Ei sisalda parf\u00fc\u00fcme<br \/>\n-Ei ole testitud loomade peal<br \/>\n-Vegan- sertifitseeritud<br \/>\n-ECO-sertivitseeritud<\/p>\n<p><em><strong>IMPORTANT!<\/strong><\/em><\/p>\n<p>Keep out of reach of children. Before the first washing, after application, avoid clothes made of satin, nylon and silk, as well as sitting on light skin and sensitive furniture.<\/p>\n<p>We recommend keeping in a dry, dark and cool place.<\/p>\n<p><strong>KOOSTISOSAD:<\/strong> Aqua, Aloe Barbadensis Leaf Juice*, Dihydroxyacetone, Glycerin, Gluconolactone, Xanthan Gum,<br \/>\nSodium Benzoate, Citric Acid, Calcium Gluconate.<\/p>\n<p>&nbsp;<\/p>\n","protected":false},"excerpt":{"rendered":"<p><em><strong><span style=\"color: #ff0000\">NEW!<\/span><\/strong><\/em> Perfectly moisturizing and softening self-tanning scent-free drops. The Tan Co isepruunistavad n\u00e4otilgad tagavad sinu n\u00e4ole ilusa ja kauni p\u00e4evitusjume ja seda nahka rikkumata.<br \/>\nNiisutab nahka ja hoiab \u00e4ra enneaegse vananemise. Drops will give you a beautiful and natural summer shine in about 3 hours.<br \/>\n<span style=\"color: #ff0000\"><strong>NB!<\/strong><\/span> You can use face drops directly on the face or put a few drops in the day cream. When applied directly to the face, it may remain dark on the skin of the face that is too light. On tanned skin, it is suitable to use drops directly on the face, and the result is a brown complexion.<\/p>\n","protected":false},"featured_media":9002,"comment_status":"open","ping_status":"closed","template":"","meta":[],"product_brand":[],"product_cat":[91],"product_tag":[],"class_list":{"0":"post-9087","1":"product","2":"type-product","3":"status-publish","4":"has-post-thumbnail","6":"product_cat-face-drops","8":"first","9":"outofstock","10":"taxable","11":"shipping-taxable","12":"purchasable","13":"product-type-simple"},"yoast_head":"<!-- This site is optimized with the Yoast SEO plugin v26.9 - https:\/\/yoast.com\/product\/yoast-seo-wordpress\/ -->\n<title>The Tan Co. - Self-tanning face drops - TheTanCo Esinduskauplus Eestis<\/title>\n<meta name=\"description\" content=\"The Tan Co. - Self-tanning face drops. Perfectly moisturizing and softening self-tanning scent-free drops.\" \/>\n<meta name=\"robots\" content=\"index, follow, max-snippet:-1, max-image-preview:large, max-video-preview:-1\" \/>\n<link rel=\"canonical\" href=\"https:\/\/thetanco.ee\/en\/product\/the-tan-co-self-tanning-facedrops\/\" \/>\n<meta property=\"og:locale\" content=\"en_US\" \/>\n<meta property=\"og:type\" content=\"article\" \/>\n<meta property=\"og:title\" content=\"The Tan Co. - Self-tanning face drops - TheTanCo Esinduskauplus Eestis\" \/>\n<meta property=\"og:description\" content=\"The Tan Co. - Self-tanning face drops. Perfectly moisturizing and softening self-tanning scent-free drops.\" \/>\n<meta property=\"og:url\" content=\"https:\/\/thetanco.ee\/en\/product\/the-tan-co-self-tanning-facedrops\/\" \/>\n<meta property=\"og:site_name\" content=\"TheTanCo Esinduskauplus Eestis\" \/>\n<meta property=\"article:modified_time\" content=\"2026-04-09T14:48:07+00:00\" \/>\n<meta property=\"og:image\" content=\"https:\/\/thetanco.ee\/wp-content\/uploads\/2022\/06\/2.jpg\" \/>\n\t<meta property=\"og:image:width\" content=\"530\" \/>\n\t<meta property=\"og:image:height\" content=\"530\" \/>\n\t<meta property=\"og:image:type\" content=\"image\/jpeg\" \/>\n<meta name=\"twitter:card\" content=\"summary_large_image\" \/>\n<meta name=\"twitter:label1\" content=\"Est. reading time\" \/>\n\t<meta name=\"twitter:data1\" content=\"1 minute\" \/>\n<script type=\"application\/ld+json\" class=\"yoast-schema-graph\">{\"@context\":\"https:\/\/schema.org\",\"@graph\":[{\"@type\":\"WebPage\",\"@id\":\"https:\/\/thetanco.ee\/en\/product\/the-tan-co-self-tanning-facedrops\/\",\"url\":\"https:\/\/thetanco.ee\/en\/product\/the-tan-co-self-tanning-facedrops\/\",\"name\":\"The Tan Co. - Self-tanning face drops - TheTanCo Esinduskauplus Eestis\",\"isPartOf\":{\"@id\":\"https:\/\/thetanco.ee\/en\/#website\"},\"primaryImageOfPage\":{\"@id\":\"https:\/\/thetanco.ee\/en\/product\/the-tan-co-self-tanning-facedrops\/#primaryimage\"},\"image\":{\"@id\":\"https:\/\/thetanco.ee\/en\/product\/the-tan-co-self-tanning-facedrops\/#primaryimage\"},\"thumbnailUrl\":\"https:\/\/thetanco.ee\/wp-content\/uploads\/2022\/06\/2.jpg\",\"datePublished\":\"2022-06-15T17:37:00+00:00\",\"dateModified\":\"2026-04-09T14:48:07+00:00\",\"description\":\"The Tan Co. - Self-tanning face drops. Perfectly moisturizing and softening self-tanning scent-free drops.\",\"breadcrumb\":{\"@id\":\"https:\/\/thetanco.ee\/en\/product\/the-tan-co-self-tanning-facedrops\/#breadcrumb\"},\"inLanguage\":\"en-US\",\"potentialAction\":[{\"@type\":\"ReadAction\",\"target\":[\"https:\/\/thetanco.ee\/en\/product\/the-tan-co-self-tanning-facedrops\/\"]}]},{\"@type\":\"ImageObject\",\"inLanguage\":\"en-US\",\"@id\":\"https:\/\/thetanco.ee\/en\/product\/the-tan-co-self-tanning-facedrops\/#primaryimage\",\"url\":\"https:\/\/thetanco.ee\/wp-content\/uploads\/2022\/06\/2.jpg\",\"contentUrl\":\"https:\/\/thetanco.ee\/wp-content\/uploads\/2022\/06\/2.jpg\",\"width\":530,\"height\":530},{\"@type\":\"BreadcrumbList\",\"@id\":\"https:\/\/thetanco.ee\/en\/product\/the-tan-co-self-tanning-facedrops\/#breadcrumb\",\"itemListElement\":[{\"@type\":\"ListItem\",\"position\":1,\"name\":\"Home\",\"item\":\"https:\/\/thetanco.ee\/en\/\"},{\"@type\":\"ListItem\",\"position\":2,\"name\":\"Shop\",\"item\":\"https:\/\/thetanco.ee\/en\/shop\/\"},{\"@type\":\"ListItem\",\"position\":3,\"name\":\"The Tan Co. &#8211; Self-tanning face drops\"}]},{\"@type\":\"WebSite\",\"@id\":\"https:\/\/thetanco.ee\/en\/#website\",\"url\":\"https:\/\/thetanco.ee\/en\/\",\"name\":\"TheTanCo Esinduskauplus Eestis\",\"description\":\"\",\"potentialAction\":[{\"@type\":\"SearchAction\",\"target\":{\"@type\":\"EntryPoint\",\"urlTemplate\":\"https:\/\/thetanco.ee\/en\/?s={search_term_string}\"},\"query-input\":{\"@type\":\"PropertyValueSpecification\",\"valueRequired\":true,\"valueName\":\"search_term_string\"}}],\"inLanguage\":\"en-US\"}]}<\/script>\n<!-- \/ Yoast SEO plugin. -->","yoast_head_json":{"title":"The Tan Co. - Self-tanning face drops - TheTanCo Esinduskauplus Eestis","description":"The Tan Co. - Self-tanning face drops. Perfectly moisturizing and softening self-tanning scent-free drops.","robots":{"index":"index","follow":"follow","max-snippet":"max-snippet:-1","max-image-preview":"max-image-preview:large","max-video-preview":"max-video-preview:-1"},"canonical":"https:\/\/thetanco.ee\/en\/product\/the-tan-co-self-tanning-facedrops\/","og_locale":"en_US","og_type":"article","og_title":"The Tan Co. - Self-tanning face drops - TheTanCo Esinduskauplus Eestis","og_description":"The Tan Co. - Self-tanning face drops. Perfectly moisturizing and softening self-tanning scent-free drops.","og_url":"https:\/\/thetanco.ee\/en\/product\/the-tan-co-self-tanning-facedrops\/","og_site_name":"TheTanCo Esinduskauplus Eestis","article_modified_time":"2026-04-09T14:48:07+00:00","og_image":[{"width":530,"height":530,"url":"https:\/\/thetanco.ee\/wp-content\/uploads\/2022\/06\/2.jpg","type":"image\/jpeg"}],"twitter_card":"summary_large_image","twitter_misc":{"Est. reading time":"1 minute"},"schema":{"@context":"https:\/\/schema.org","@graph":[{"@type":"WebPage","@id":"https:\/\/thetanco.ee\/en\/product\/the-tan-co-self-tanning-facedrops\/","url":"https:\/\/thetanco.ee\/en\/product\/the-tan-co-self-tanning-facedrops\/","name":"The Tan Co. - Self-tanning face drops - TheTanCo Esinduskauplus Eestis","isPartOf":{"@id":"https:\/\/thetanco.ee\/en\/#website"},"primaryImageOfPage":{"@id":"https:\/\/thetanco.ee\/en\/product\/the-tan-co-self-tanning-facedrops\/#primaryimage"},"image":{"@id":"https:\/\/thetanco.ee\/en\/product\/the-tan-co-self-tanning-facedrops\/#primaryimage"},"thumbnailUrl":"https:\/\/thetanco.ee\/wp-content\/uploads\/2022\/06\/2.jpg","datePublished":"2022-06-15T17:37:00+00:00","dateModified":"2026-04-09T14:48:07+00:00","description":"The Tan Co. - Self-tanning face drops. Perfectly moisturizing and softening self-tanning scent-free drops.","breadcrumb":{"@id":"https:\/\/thetanco.ee\/en\/product\/the-tan-co-self-tanning-facedrops\/#breadcrumb"},"inLanguage":"en-US","potentialAction":[{"@type":"ReadAction","target":["https:\/\/thetanco.ee\/en\/product\/the-tan-co-self-tanning-facedrops\/"]}]},{"@type":"ImageObject","inLanguage":"en-US","@id":"https:\/\/thetanco.ee\/en\/product\/the-tan-co-self-tanning-facedrops\/#primaryimage","url":"https:\/\/thetanco.ee\/wp-content\/uploads\/2022\/06\/2.jpg","contentUrl":"https:\/\/thetanco.ee\/wp-content\/uploads\/2022\/06\/2.jpg","width":530,"height":530},{"@type":"BreadcrumbList","@id":"https:\/\/thetanco.ee\/en\/product\/the-tan-co-self-tanning-facedrops\/#breadcrumb","itemListElement":[{"@type":"ListItem","position":1,"name":"Home","item":"https:\/\/thetanco.ee\/en\/"},{"@type":"ListItem","position":2,"name":"Shop","item":"https:\/\/thetanco.ee\/en\/shop\/"},{"@type":"ListItem","position":3,"name":"The Tan Co. &#8211; Self-tanning face drops"}]},{"@type":"WebSite","@id":"https:\/\/thetanco.ee\/en\/#website","url":"https:\/\/thetanco.ee\/en\/","name":"TheTanCo Esinduskauplus Eestis","description":"","potentialAction":[{"@type":"SearchAction","target":{"@type":"EntryPoint","urlTemplate":"https:\/\/thetanco.ee\/en\/?s={search_term_string}"},"query-input":{"@type":"PropertyValueSpecification","valueRequired":true,"valueName":"search_term_string"}}],"inLanguage":"en-US"}]}},"_links":{"self":[{"href":"https:\/\/thetanco.ee\/en\/wp-json\/wp\/v2\/product\/9087","targetHints":{"allow":["GET"]}}],"collection":[{"href":"https:\/\/thetanco.ee\/en\/wp-json\/wp\/v2\/product"}],"about":[{"href":"https:\/\/thetanco.ee\/en\/wp-json\/wp\/v2\/types\/product"}],"replies":[{"embeddable":true,"href":"https:\/\/thetanco.ee\/en\/wp-json\/wp\/v2\/comments?post=9087"}],"version-history":[{"count":0,"href":"https:\/\/thetanco.ee\/en\/wp-json\/wp\/v2\/product\/9087\/revisions"}],"wp:featuredmedia":[{"embeddable":true,"href":"https:\/\/thetanco.ee\/en\/wp-json\/wp\/v2\/media\/9002"}],"wp:attachment":[{"href":"https:\/\/thetanco.ee\/en\/wp-json\/wp\/v2\/media?parent=9087"}],"wp:term":[{"taxonomy":"product_brand","embeddable":true,"href":"https:\/\/thetanco.ee\/en\/wp-json\/wp\/v2\/product_brand?post=9087"},{"taxonomy":"product_cat","embeddable":true,"href":"https:\/\/thetanco.ee\/en\/wp-json\/wp\/v2\/product_cat?post=9087"},{"taxonomy":"product_tag","embeddable":true,"href":"https:\/\/thetanco.ee\/en\/wp-json\/wp\/v2\/product_tag?post=9087"}],"curies":[{"name":"wp","href":"https:\/\/api.w.org\/{rel}","templated":true}]}}