{"id":9871,"date":"2022-06-15T18:34:19","date_gmt":"2022-06-15T15:34:19","guid":{"rendered":"https:\/\/thetanco.ee\/product\/the-tan-co-parkituskasine-peukalolla\/"},"modified":"2025-10-29T22:37:11","modified_gmt":"2025-10-29T20:37:11","slug":"tan-co-rusketushanskan-kanssa","status":"publish","type":"product","link":"https:\/\/thetanco.ee\/fi\/tuote\/tan-co-rusketushanskan-kanssa\/","title":{"rendered":"The Tan Co. &#8211; Parkitusk\u00e4sine peukalolla."},"content":{"rendered":"","protected":false},"excerpt":{"rendered":"<p>Uusi ja pehme\u00e4 applikaattorik\u00e4sine, joka auttaa saavuttamaan parhaan ja tasaisen rusketuksen. Suojaa k\u00e4mment\u00e4 lialta. Voidaan k\u00e4ytt\u00e4\u00e4 sek\u00e4 vartalolle ett\u00e4 kasvoille.<\/p>\n<p>Ennen kuin k\u00e4yt\u00e4t tuotetta ensimm\u00e4ist\u00e4 kertaa, pese k\u00e4sine puhtaalla haalealla vedell\u00e4 p\u00e4iv\u00e4\u00e4 ennen ja anna kuivua vapaasti. \u00c4l\u00e4 k\u00e4yt\u00e4 suihkugeeli\u00e4 tai kosteutta ja k\u00e4yt\u00e4 \u00f6ljyisi\u00e4 tuotteita iholla ennen itseruskettavan tuotteen levitt\u00e4mist\u00e4.<\/p>\n<p>Suihkuta itseruskettavaa tuotetta suoraan k\u00e4sineelle ja purista kevyesti, jotta tuote jakautuu tasaisesti k\u00e4sineeseen. Aloita sitten jaloista, liikuttamalla yl\u00f6sp\u00e4in py\u00f6rivin liikkein. Lopuksi tee jalat ja sormet niin, ett\u00e4 k\u00e4sineess\u00e4 on hyvin v\u00e4h\u00e4n tai j\u00e4\u00e4mi\u00e4.<\/p>\n<p>Pese applikaattorik\u00e4sine puhtaalla, haalealla vedell\u00e4 jokaisen k\u00e4ytt\u00f6kerran j\u00e4lkeen.<\/p>\n","protected":false},"featured_media":9791,"comment_status":"open","ping_status":"closed","template":"","meta":[],"product_brand":[],"product_cat":[106,108],"product_tag":[],"class_list":{"0":"post-9871","1":"product","2":"type-product","3":"status-publish","4":"has-post-thumbnail","6":"product_cat-lisatarvikkeet","7":"product_cat-vaahdot","9":"first","10":"instock","11":"taxable","12":"shipping-taxable","13":"purchasable","14":"product-type-simple"},"yoast_head":"<!-- This site is optimized with the Yoast SEO plugin v26.9 - https:\/\/yoast.com\/product\/yoast-seo-wordpress\/ -->\n<title>The Tan Co. - Parkitusk\u00e4sine peukalolla. - TheTanCo Esinduskauplus Eestis<\/title>\n<meta name=\"description\" content=\"The Tan Co. - Parkitusk\u00e4sine peukalolla. Uusi ja pehme\u00e4 applikaattorik\u00e4sine, joka auttaa saavuttamaan parhaan ja tasaisen rusketuksen.\" \/>\n<meta name=\"robots\" content=\"index, follow, max-snippet:-1, max-image-preview:large, max-video-preview:-1\" \/>\n<link rel=\"canonical\" href=\"https:\/\/thetanco.ee\/fi\/tuote\/tan-co-rusketushanskan-kanssa\/\" \/>\n<meta property=\"og:locale\" content=\"fi_FI\" \/>\n<meta property=\"og:type\" content=\"article\" \/>\n<meta property=\"og:title\" content=\"The Tan Co. - Parkitusk\u00e4sine peukalolla. - TheTanCo Esinduskauplus Eestis\" \/>\n<meta property=\"og:description\" content=\"The Tan Co. - Parkitusk\u00e4sine peukalolla. Uusi ja pehme\u00e4 applikaattorik\u00e4sine, joka auttaa saavuttamaan parhaan ja tasaisen rusketuksen.\" \/>\n<meta property=\"og:url\" content=\"https:\/\/thetanco.ee\/fi\/tuote\/tan-co-rusketushanskan-kanssa\/\" \/>\n<meta property=\"og:site_name\" content=\"TheTanCo Esinduskauplus Eestis\" \/>\n<meta property=\"article:modified_time\" content=\"2025-10-29T20:37:11+00:00\" \/>\n<meta property=\"og:image\" content=\"https:\/\/thetanco.ee\/wp-content\/uploads\/2022\/06\/16.jpeg\" \/>\n\t<meta property=\"og:image:width\" content=\"2560\" \/>\n\t<meta property=\"og:image:height\" content=\"2560\" \/>\n\t<meta property=\"og:image:type\" content=\"image\/jpeg\" \/>\n<meta name=\"twitter:card\" content=\"summary_large_image\" \/>\n<script type=\"application\/ld+json\" class=\"yoast-schema-graph\">{\"@context\":\"https:\/\/schema.org\",\"@graph\":[{\"@type\":\"WebPage\",\"@id\":\"https:\/\/thetanco.ee\/fi\/tuote\/tan-co-rusketushanskan-kanssa\/\",\"url\":\"https:\/\/thetanco.ee\/fi\/tuote\/tan-co-rusketushanskan-kanssa\/\",\"name\":\"The Tan Co. - Parkitusk\u00e4sine peukalolla. - TheTanCo Esinduskauplus Eestis\",\"isPartOf\":{\"@id\":\"https:\/\/thetanco.ee\/fi\/#website\"},\"primaryImageOfPage\":{\"@id\":\"https:\/\/thetanco.ee\/fi\/tuote\/tan-co-rusketushanskan-kanssa\/#primaryimage\"},\"image\":{\"@id\":\"https:\/\/thetanco.ee\/fi\/tuote\/tan-co-rusketushanskan-kanssa\/#primaryimage\"},\"thumbnailUrl\":\"https:\/\/thetanco.ee\/wp-content\/uploads\/2022\/06\/16.jpeg\",\"datePublished\":\"2022-06-15T15:34:19+00:00\",\"dateModified\":\"2025-10-29T20:37:11+00:00\",\"description\":\"The Tan Co. - Parkitusk\u00e4sine peukalolla. Uusi ja pehme\u00e4 applikaattorik\u00e4sine, joka auttaa saavuttamaan parhaan ja tasaisen rusketuksen.\",\"breadcrumb\":{\"@id\":\"https:\/\/thetanco.ee\/fi\/tuote\/tan-co-rusketushanskan-kanssa\/#breadcrumb\"},\"inLanguage\":\"fi\",\"potentialAction\":[{\"@type\":\"ReadAction\",\"target\":[\"https:\/\/thetanco.ee\/fi\/tuote\/tan-co-rusketushanskan-kanssa\/\"]}]},{\"@type\":\"ImageObject\",\"inLanguage\":\"fi\",\"@id\":\"https:\/\/thetanco.ee\/fi\/tuote\/tan-co-rusketushanskan-kanssa\/#primaryimage\",\"url\":\"https:\/\/thetanco.ee\/wp-content\/uploads\/2022\/06\/16.jpeg\",\"contentUrl\":\"https:\/\/thetanco.ee\/wp-content\/uploads\/2022\/06\/16.jpeg\",\"width\":2560,\"height\":2560},{\"@type\":\"BreadcrumbList\",\"@id\":\"https:\/\/thetanco.ee\/fi\/tuote\/tan-co-rusketushanskan-kanssa\/#breadcrumb\",\"itemListElement\":[{\"@type\":\"ListItem\",\"position\":1,\"name\":\"Koti\",\"item\":\"https:\/\/thetanco.ee\/fi\/\"},{\"@type\":\"ListItem\",\"position\":2,\"name\":\"Myym\u00e4l\u00e4\",\"item\":\"https:\/\/thetanco.ee\/pood\/\"},{\"@type\":\"ListItem\",\"position\":3,\"name\":\"The Tan Co. &#8211; Parkitusk\u00e4sine peukalolla.\"}]},{\"@type\":\"WebSite\",\"@id\":\"https:\/\/thetanco.ee\/fi\/#website\",\"url\":\"https:\/\/thetanco.ee\/fi\/\",\"name\":\"TheTanCo Esinduskauplus Eestis\",\"description\":\"\",\"potentialAction\":[{\"@type\":\"SearchAction\",\"target\":{\"@type\":\"EntryPoint\",\"urlTemplate\":\"https:\/\/thetanco.ee\/fi\/?s={search_term_string}\"},\"query-input\":{\"@type\":\"PropertyValueSpecification\",\"valueRequired\":true,\"valueName\":\"search_term_string\"}}],\"inLanguage\":\"fi\"}]}<\/script>\n<!-- \/ Yoast SEO plugin. -->","yoast_head_json":{"title":"The Tan Co. - Parkitusk\u00e4sine peukalolla. - TheTanCo Esinduskauplus Eestis","description":"The Tan Co. - Parkitusk\u00e4sine peukalolla. Uusi ja pehme\u00e4 applikaattorik\u00e4sine, joka auttaa saavuttamaan parhaan ja tasaisen rusketuksen.","robots":{"index":"index","follow":"follow","max-snippet":"max-snippet:-1","max-image-preview":"max-image-preview:large","max-video-preview":"max-video-preview:-1"},"canonical":"https:\/\/thetanco.ee\/fi\/tuote\/tan-co-rusketushanskan-kanssa\/","og_locale":"fi_FI","og_type":"article","og_title":"The Tan Co. - Parkitusk\u00e4sine peukalolla. - TheTanCo Esinduskauplus Eestis","og_description":"The Tan Co. - Parkitusk\u00e4sine peukalolla. Uusi ja pehme\u00e4 applikaattorik\u00e4sine, joka auttaa saavuttamaan parhaan ja tasaisen rusketuksen.","og_url":"https:\/\/thetanco.ee\/fi\/tuote\/tan-co-rusketushanskan-kanssa\/","og_site_name":"TheTanCo Esinduskauplus Eestis","article_modified_time":"2025-10-29T20:37:11+00:00","og_image":[{"width":2560,"height":2560,"url":"https:\/\/thetanco.ee\/wp-content\/uploads\/2022\/06\/16.jpeg","type":"image\/jpeg"}],"twitter_card":"summary_large_image","schema":{"@context":"https:\/\/schema.org","@graph":[{"@type":"WebPage","@id":"https:\/\/thetanco.ee\/fi\/tuote\/tan-co-rusketushanskan-kanssa\/","url":"https:\/\/thetanco.ee\/fi\/tuote\/tan-co-rusketushanskan-kanssa\/","name":"The Tan Co. - Parkitusk\u00e4sine peukalolla. - TheTanCo Esinduskauplus Eestis","isPartOf":{"@id":"https:\/\/thetanco.ee\/fi\/#website"},"primaryImageOfPage":{"@id":"https:\/\/thetanco.ee\/fi\/tuote\/tan-co-rusketushanskan-kanssa\/#primaryimage"},"image":{"@id":"https:\/\/thetanco.ee\/fi\/tuote\/tan-co-rusketushanskan-kanssa\/#primaryimage"},"thumbnailUrl":"https:\/\/thetanco.ee\/wp-content\/uploads\/2022\/06\/16.jpeg","datePublished":"2022-06-15T15:34:19+00:00","dateModified":"2025-10-29T20:37:11+00:00","description":"The Tan Co. - Parkitusk\u00e4sine peukalolla. Uusi ja pehme\u00e4 applikaattorik\u00e4sine, joka auttaa saavuttamaan parhaan ja tasaisen rusketuksen.","breadcrumb":{"@id":"https:\/\/thetanco.ee\/fi\/tuote\/tan-co-rusketushanskan-kanssa\/#breadcrumb"},"inLanguage":"fi","potentialAction":[{"@type":"ReadAction","target":["https:\/\/thetanco.ee\/fi\/tuote\/tan-co-rusketushanskan-kanssa\/"]}]},{"@type":"ImageObject","inLanguage":"fi","@id":"https:\/\/thetanco.ee\/fi\/tuote\/tan-co-rusketushanskan-kanssa\/#primaryimage","url":"https:\/\/thetanco.ee\/wp-content\/uploads\/2022\/06\/16.jpeg","contentUrl":"https:\/\/thetanco.ee\/wp-content\/uploads\/2022\/06\/16.jpeg","width":2560,"height":2560},{"@type":"BreadcrumbList","@id":"https:\/\/thetanco.ee\/fi\/tuote\/tan-co-rusketushanskan-kanssa\/#breadcrumb","itemListElement":[{"@type":"ListItem","position":1,"name":"Koti","item":"https:\/\/thetanco.ee\/fi\/"},{"@type":"ListItem","position":2,"name":"Myym\u00e4l\u00e4","item":"https:\/\/thetanco.ee\/pood\/"},{"@type":"ListItem","position":3,"name":"The Tan Co. &#8211; Parkitusk\u00e4sine peukalolla."}]},{"@type":"WebSite","@id":"https:\/\/thetanco.ee\/fi\/#website","url":"https:\/\/thetanco.ee\/fi\/","name":"TheTanCo Esinduskauplus Eestis","description":"","potentialAction":[{"@type":"SearchAction","target":{"@type":"EntryPoint","urlTemplate":"https:\/\/thetanco.ee\/fi\/?s={search_term_string}"},"query-input":{"@type":"PropertyValueSpecification","valueRequired":true,"valueName":"search_term_string"}}],"inLanguage":"fi"}]}},"_links":{"self":[{"href":"https:\/\/thetanco.ee\/fi\/wp-json\/wp\/v2\/product\/9871","targetHints":{"allow":["GET"]}}],"collection":[{"href":"https:\/\/thetanco.ee\/fi\/wp-json\/wp\/v2\/product"}],"about":[{"href":"https:\/\/thetanco.ee\/fi\/wp-json\/wp\/v2\/types\/product"}],"replies":[{"embeddable":true,"href":"https:\/\/thetanco.ee\/fi\/wp-json\/wp\/v2\/comments?post=9871"}],"version-history":[{"count":0,"href":"https:\/\/thetanco.ee\/fi\/wp-json\/wp\/v2\/product\/9871\/revisions"}],"wp:featuredmedia":[{"embeddable":true,"href":"https:\/\/thetanco.ee\/fi\/wp-json\/wp\/v2\/media\/9791"}],"wp:attachment":[{"href":"https:\/\/thetanco.ee\/fi\/wp-json\/wp\/v2\/media?parent=9871"}],"wp:term":[{"taxonomy":"product_brand","embeddable":true,"href":"https:\/\/thetanco.ee\/fi\/wp-json\/wp\/v2\/product_brand?post=9871"},{"taxonomy":"product_cat","embeddable":true,"href":"https:\/\/thetanco.ee\/fi\/wp-json\/wp\/v2\/product_cat?post=9871"},{"taxonomy":"product_tag","embeddable":true,"href":"https:\/\/thetanco.ee\/fi\/wp-json\/wp\/v2\/product_tag?post=9871"}],"curies":[{"name":"wp","href":"https:\/\/api.w.org\/{rel}","templated":true}]}}