{"id":9872,"date":"2022-06-15T18:30:32","date_gmt":"2022-06-15T15:30:32","guid":{"rendered":"https:\/\/thetanco.ee\/product\/the-tan-co-vartaloharja\/"},"modified":"2025-10-27T04:15:30","modified_gmt":"2025-10-27T02:15:30","slug":"the-tan-co-body-sivellin","status":"publish","type":"product","link":"https:\/\/thetanco.ee\/fi\/tuote\/the-tan-co-body-sivellin\/","title":{"rendered":"The Tan Co. &#8211; Vartaloharja."},"content":{"rendered":"<p>Kuivaharja on tarkoitettu k\u00e4ytett\u00e4v\u00e4ksi kuivalla iholla. K\u00e4yt\u00e4 vartaloharjaa ennen pesua. Kuiva iho harjataan py\u00f6rivin liikkein. Harjaa aina alhaalta yl\u00f6sp\u00e4in syd\u00e4nt\u00e4 kohti. Aloita harjaus nilkoista ja siirry yl\u00f6sp\u00e4in.<\/p>\n<ul>\n<li>Voi v\u00e4hent\u00e4\u00e4 selluliittia ajan my\u00f6t\u00e4<\/li>\n<li>V\u00e4hent\u00e4\u00e4 kuolleita ihosoluja<\/li>\n<li>Vahvistaa immuunij\u00e4rjestelm\u00e4\u00e4<\/li>\n<li>Tekee ihosta sile\u00e4mm\u00e4n ja ehk\u00e4isee varhaisia \u200b\u200bik\u00e4\u00e4ntymisen merkkej\u00e4<\/li>\n<li>Parantaa lihasten laatua<\/li>\n<li>Edist\u00e4\u00e4 verenkierron paranemista<\/li>\n<li>Edist\u00e4\u00e4 parempaa ruoansulatusta<\/li>\n<li>Virkist\u00e4\u00e4 ja uudistaa ihoa<\/li>\n<\/ul>\n<p>&nbsp;<\/p>\n","protected":false},"excerpt":{"rendered":"<p><strong>Kuivaharjaus ei ainoastaan \u200b\u200bkuori ihoasi, vaan my\u00f6s tekee ihostasi pehme\u00e4mm\u00e4n ja sile\u00e4mm\u00e4n!<\/strong><\/p>\n<p>Kuivaharja on tarkoitettu k\u00e4ytett\u00e4v\u00e4ksi kuivalla iholla. K\u00e4yt\u00e4 vartaloharjaa ennen pesua. Kuiva iho harjataan py\u00f6rivin liikkein. Harjaa aina alhaalta yl\u00f6sp\u00e4in syd\u00e4nt\u00e4 kohti. Aloita harjaus nilkoista ja siirry yl\u00f6sp\u00e4in.<\/p>\n<p>Toista kuivaharjaus p\u00e4ivitt\u00e4in tai kerran viikossa:<\/p>\n<p>Koko prosessi kest\u00e4\u00e4 noin 15 minuuttia. Parhaan tuloksen saavuttamiseksi kuivaa harjalla p\u00e4ivitt\u00e4in, mieluiten aamulla. Selluliitin v\u00e4hent\u00e4miseksi\/poistamiseksi sinun tulee harjata alueita kahdesti p\u00e4iv\u00e4ss\u00e4 5-10 minuutin ajan.<\/p>\n<p>Varoitus: Ole varovainen kuivaharjaessasi herkk\u00e4\u00e4 tai vaurioitunutta ihoa.<\/p>\n<p>\u00c4l\u00e4 unohda kosteuttaa vartaloasi kuivaharjauksen ja pesun j\u00e4lkeen. Vartalovoide imeytyy paremmin ihoon my\u00f6s kuivaharjauksen j\u00e4lkeen.<\/p>\n<p>&nbsp;<\/p>\n","protected":false},"featured_media":9789,"comment_status":"open","ping_status":"closed","template":"","meta":[],"product_brand":[],"product_cat":[106],"product_tag":[],"class_list":{"0":"post-9872","1":"product","2":"type-product","3":"status-publish","4":"has-post-thumbnail","6":"product_cat-lisatarvikkeet","8":"first","9":"instock","10":"taxable","11":"shipping-taxable","12":"purchasable","13":"product-type-simple"},"yoast_head":"<!-- This site is optimized with the Yoast SEO plugin v26.9 - https:\/\/yoast.com\/product\/yoast-seo-wordpress\/ -->\n<title>The Tan Co. - Vartaloharja. - TheTanCo Esinduskauplus Eestis<\/title>\n<meta name=\"description\" content=\"The Tan Co. - Vartaloharja. Kuivaharja on tarkoitettu k\u00e4ytett\u00e4v\u00e4ksi kuivalla iholla. K\u00e4yt\u00e4 vartaloharjaa ennen pesua.\" \/>\n<meta name=\"robots\" content=\"index, follow, max-snippet:-1, max-image-preview:large, max-video-preview:-1\" \/>\n<link rel=\"canonical\" href=\"https:\/\/thetanco.ee\/fi\/tuote\/the-tan-co-body-sivellin\/\" \/>\n<meta property=\"og:locale\" content=\"fi_FI\" \/>\n<meta property=\"og:type\" content=\"article\" \/>\n<meta property=\"og:title\" content=\"The Tan Co. - Vartaloharja. - TheTanCo Esinduskauplus Eestis\" \/>\n<meta property=\"og:description\" content=\"The Tan Co. - Vartaloharja. Kuivaharja on tarkoitettu k\u00e4ytett\u00e4v\u00e4ksi kuivalla iholla. K\u00e4yt\u00e4 vartaloharjaa ennen pesua.\" \/>\n<meta property=\"og:url\" content=\"https:\/\/thetanco.ee\/fi\/tuote\/the-tan-co-body-sivellin\/\" \/>\n<meta property=\"og:site_name\" content=\"TheTanCo Esinduskauplus Eestis\" \/>\n<meta property=\"article:modified_time\" content=\"2025-10-27T02:15:30+00:00\" \/>\n<meta property=\"og:image\" content=\"https:\/\/thetanco.ee\/wp-content\/uploads\/2022\/06\/15.jpg\" \/>\n\t<meta property=\"og:image:width\" content=\"1000\" \/>\n\t<meta property=\"og:image:height\" content=\"1000\" \/>\n\t<meta property=\"og:image:type\" content=\"image\/jpeg\" \/>\n<meta name=\"twitter:card\" content=\"summary_large_image\" \/>\n<script type=\"application\/ld+json\" class=\"yoast-schema-graph\">{\"@context\":\"https:\/\/schema.org\",\"@graph\":[{\"@type\":\"WebPage\",\"@id\":\"https:\/\/thetanco.ee\/fi\/tuote\/the-tan-co-body-sivellin\/\",\"url\":\"https:\/\/thetanco.ee\/fi\/tuote\/the-tan-co-body-sivellin\/\",\"name\":\"The Tan Co. - Vartaloharja. - TheTanCo Esinduskauplus Eestis\",\"isPartOf\":{\"@id\":\"https:\/\/thetanco.ee\/fi\/#website\"},\"primaryImageOfPage\":{\"@id\":\"https:\/\/thetanco.ee\/fi\/tuote\/the-tan-co-body-sivellin\/#primaryimage\"},\"image\":{\"@id\":\"https:\/\/thetanco.ee\/fi\/tuote\/the-tan-co-body-sivellin\/#primaryimage\"},\"thumbnailUrl\":\"https:\/\/thetanco.ee\/wp-content\/uploads\/2022\/06\/15.jpg\",\"datePublished\":\"2022-06-15T15:30:32+00:00\",\"dateModified\":\"2025-10-27T02:15:30+00:00\",\"description\":\"The Tan Co. - Vartaloharja. Kuivaharja on tarkoitettu k\u00e4ytett\u00e4v\u00e4ksi kuivalla iholla. K\u00e4yt\u00e4 vartaloharjaa ennen pesua.\",\"breadcrumb\":{\"@id\":\"https:\/\/thetanco.ee\/fi\/tuote\/the-tan-co-body-sivellin\/#breadcrumb\"},\"inLanguage\":\"fi\",\"potentialAction\":[{\"@type\":\"ReadAction\",\"target\":[\"https:\/\/thetanco.ee\/fi\/tuote\/the-tan-co-body-sivellin\/\"]}]},{\"@type\":\"ImageObject\",\"inLanguage\":\"fi\",\"@id\":\"https:\/\/thetanco.ee\/fi\/tuote\/the-tan-co-body-sivellin\/#primaryimage\",\"url\":\"https:\/\/thetanco.ee\/wp-content\/uploads\/2022\/06\/15.jpg\",\"contentUrl\":\"https:\/\/thetanco.ee\/wp-content\/uploads\/2022\/06\/15.jpg\",\"width\":1000,\"height\":1000},{\"@type\":\"BreadcrumbList\",\"@id\":\"https:\/\/thetanco.ee\/fi\/tuote\/the-tan-co-body-sivellin\/#breadcrumb\",\"itemListElement\":[{\"@type\":\"ListItem\",\"position\":1,\"name\":\"Koti\",\"item\":\"https:\/\/thetanco.ee\/fi\/\"},{\"@type\":\"ListItem\",\"position\":2,\"name\":\"Myym\u00e4l\u00e4\",\"item\":\"https:\/\/thetanco.ee\/pood\/\"},{\"@type\":\"ListItem\",\"position\":3,\"name\":\"The Tan Co. &#8211; Vartaloharja.\"}]},{\"@type\":\"WebSite\",\"@id\":\"https:\/\/thetanco.ee\/fi\/#website\",\"url\":\"https:\/\/thetanco.ee\/fi\/\",\"name\":\"TheTanCo Esinduskauplus Eestis\",\"description\":\"\",\"potentialAction\":[{\"@type\":\"SearchAction\",\"target\":{\"@type\":\"EntryPoint\",\"urlTemplate\":\"https:\/\/thetanco.ee\/fi\/?s={search_term_string}\"},\"query-input\":{\"@type\":\"PropertyValueSpecification\",\"valueRequired\":true,\"valueName\":\"search_term_string\"}}],\"inLanguage\":\"fi\"}]}<\/script>\n<!-- \/ Yoast SEO plugin. -->","yoast_head_json":{"title":"The Tan Co. - Vartaloharja. - TheTanCo Esinduskauplus Eestis","description":"The Tan Co. - Vartaloharja. Kuivaharja on tarkoitettu k\u00e4ytett\u00e4v\u00e4ksi kuivalla iholla. K\u00e4yt\u00e4 vartaloharjaa ennen pesua.","robots":{"index":"index","follow":"follow","max-snippet":"max-snippet:-1","max-image-preview":"max-image-preview:large","max-video-preview":"max-video-preview:-1"},"canonical":"https:\/\/thetanco.ee\/fi\/tuote\/the-tan-co-body-sivellin\/","og_locale":"fi_FI","og_type":"article","og_title":"The Tan Co. - Vartaloharja. - TheTanCo Esinduskauplus Eestis","og_description":"The Tan Co. - Vartaloharja. Kuivaharja on tarkoitettu k\u00e4ytett\u00e4v\u00e4ksi kuivalla iholla. K\u00e4yt\u00e4 vartaloharjaa ennen pesua.","og_url":"https:\/\/thetanco.ee\/fi\/tuote\/the-tan-co-body-sivellin\/","og_site_name":"TheTanCo Esinduskauplus Eestis","article_modified_time":"2025-10-27T02:15:30+00:00","og_image":[{"width":1000,"height":1000,"url":"https:\/\/thetanco.ee\/wp-content\/uploads\/2022\/06\/15.jpg","type":"image\/jpeg"}],"twitter_card":"summary_large_image","schema":{"@context":"https:\/\/schema.org","@graph":[{"@type":"WebPage","@id":"https:\/\/thetanco.ee\/fi\/tuote\/the-tan-co-body-sivellin\/","url":"https:\/\/thetanco.ee\/fi\/tuote\/the-tan-co-body-sivellin\/","name":"The Tan Co. - Vartaloharja. - TheTanCo Esinduskauplus Eestis","isPartOf":{"@id":"https:\/\/thetanco.ee\/fi\/#website"},"primaryImageOfPage":{"@id":"https:\/\/thetanco.ee\/fi\/tuote\/the-tan-co-body-sivellin\/#primaryimage"},"image":{"@id":"https:\/\/thetanco.ee\/fi\/tuote\/the-tan-co-body-sivellin\/#primaryimage"},"thumbnailUrl":"https:\/\/thetanco.ee\/wp-content\/uploads\/2022\/06\/15.jpg","datePublished":"2022-06-15T15:30:32+00:00","dateModified":"2025-10-27T02:15:30+00:00","description":"The Tan Co. - Vartaloharja. Kuivaharja on tarkoitettu k\u00e4ytett\u00e4v\u00e4ksi kuivalla iholla. K\u00e4yt\u00e4 vartaloharjaa ennen pesua.","breadcrumb":{"@id":"https:\/\/thetanco.ee\/fi\/tuote\/the-tan-co-body-sivellin\/#breadcrumb"},"inLanguage":"fi","potentialAction":[{"@type":"ReadAction","target":["https:\/\/thetanco.ee\/fi\/tuote\/the-tan-co-body-sivellin\/"]}]},{"@type":"ImageObject","inLanguage":"fi","@id":"https:\/\/thetanco.ee\/fi\/tuote\/the-tan-co-body-sivellin\/#primaryimage","url":"https:\/\/thetanco.ee\/wp-content\/uploads\/2022\/06\/15.jpg","contentUrl":"https:\/\/thetanco.ee\/wp-content\/uploads\/2022\/06\/15.jpg","width":1000,"height":1000},{"@type":"BreadcrumbList","@id":"https:\/\/thetanco.ee\/fi\/tuote\/the-tan-co-body-sivellin\/#breadcrumb","itemListElement":[{"@type":"ListItem","position":1,"name":"Koti","item":"https:\/\/thetanco.ee\/fi\/"},{"@type":"ListItem","position":2,"name":"Myym\u00e4l\u00e4","item":"https:\/\/thetanco.ee\/pood\/"},{"@type":"ListItem","position":3,"name":"The Tan Co. &#8211; Vartaloharja."}]},{"@type":"WebSite","@id":"https:\/\/thetanco.ee\/fi\/#website","url":"https:\/\/thetanco.ee\/fi\/","name":"TheTanCo Esinduskauplus Eestis","description":"","potentialAction":[{"@type":"SearchAction","target":{"@type":"EntryPoint","urlTemplate":"https:\/\/thetanco.ee\/fi\/?s={search_term_string}"},"query-input":{"@type":"PropertyValueSpecification","valueRequired":true,"valueName":"search_term_string"}}],"inLanguage":"fi"}]}},"_links":{"self":[{"href":"https:\/\/thetanco.ee\/fi\/wp-json\/wp\/v2\/product\/9872","targetHints":{"allow":["GET"]}}],"collection":[{"href":"https:\/\/thetanco.ee\/fi\/wp-json\/wp\/v2\/product"}],"about":[{"href":"https:\/\/thetanco.ee\/fi\/wp-json\/wp\/v2\/types\/product"}],"replies":[{"embeddable":true,"href":"https:\/\/thetanco.ee\/fi\/wp-json\/wp\/v2\/comments?post=9872"}],"version-history":[{"count":0,"href":"https:\/\/thetanco.ee\/fi\/wp-json\/wp\/v2\/product\/9872\/revisions"}],"wp:featuredmedia":[{"embeddable":true,"href":"https:\/\/thetanco.ee\/fi\/wp-json\/wp\/v2\/media\/9789"}],"wp:attachment":[{"href":"https:\/\/thetanco.ee\/fi\/wp-json\/wp\/v2\/media?parent=9872"}],"wp:term":[{"taxonomy":"product_brand","embeddable":true,"href":"https:\/\/thetanco.ee\/fi\/wp-json\/wp\/v2\/product_brand?post=9872"},{"taxonomy":"product_cat","embeddable":true,"href":"https:\/\/thetanco.ee\/fi\/wp-json\/wp\/v2\/product_cat?post=9872"},{"taxonomy":"product_tag","embeddable":true,"href":"https:\/\/thetanco.ee\/fi\/wp-json\/wp\/v2\/product_tag?post=9872"}],"curies":[{"name":"wp","href":"https:\/\/api.w.org\/{rel}","templated":true}]}}