{"id":9879,"date":"2022-06-15T20:45:23","date_gmt":"2022-06-15T17:45:23","guid":{"rendered":"https:\/\/thetanco.ee\/product\/the-tan-co-instant-ultra-dark-itseruskettava-vaahtomuho\/"},"modified":"2025-02-11T10:49:25","modified_gmt":"2025-02-11T08:49:25","slug":"the-tan-co-instant-ultra-dark-self-running-foam-mousse","status":"publish","type":"product","link":"https:\/\/thetanco.ee\/fi\/tuote\/the-tan-co-instant-ultra-dark-self-running-foam-mousse\/","title":{"rendered":"The Tan Co. Instant Ultra Dark &#8211; Itseruskettava vaahtomuho"},"content":{"rendered":"<p>The Tan Co. Itseruskettava vaahto Utra Darkk (eritt\u00e4in tumma) opasteella luonnollisiin rusketuss\u00e4vyihin. Vaht on ilma asov\u00e4rvideta<br \/>\nja annab kiiresti loomuliku suvise p\u00e4evituse.<\/p>\n<p>Luonnollinen sokeri (DHA) varmistaa ruskean ihon jo 3 tunnin kuluttua. Ottaa huomioon sinun ja ymp\u00e4rist\u00f6n hyvinvoinnin. Kosteuttaa ihoa 48 tunnin ajan. Tulos kest\u00e4\u00e4 7-10 p\u00e4iv\u00e4\u00e4.<\/p>\n<p>NB! Kun tuotetta levitet\u00e4\u00e4n iholle ja iho l\u00e4mpenee, saattaa esiinty\u00e4 itseruskettavalle ominaista hajua, mutta tuote ei sis\u00e4ll\u00e4 lis\u00e4ttyj\u00e4 hajusteita.<\/p>\n<p>\u2013 150 ML<br \/>\n\u2013 Ilma alkoholita<br \/>\n\u2013 Ei sisalda parf\u00fc\u00fcme<br \/>\n\u2013 Ei ole testitud loomade peal<br \/>\n\u2013 Vegan-sertifitseeritud<\/p>\n<p><strong>K\u00c4YTT\u00d6OHJE<\/strong>: Paina pumppu alas ja annostele haluamasi m\u00e4\u00e4r\u00e4 itseruskettavaa k\u00e4mmenelle tai suoraan rusketuskintaan. Levit\u00e4 itseruskettava vaahto suoraan iholle tasaisena ohuena kerroksena. Pese k\u00e4tesi huolellisesti k\u00e4yt\u00f6n j\u00e4lkeen. On suositeltavaa k\u00e4ytt\u00e4\u00e4 erityist\u00e4 k\u00e4sinett\u00e4 (rusketusk\u00e4sine). Ultra Dark ei ole tarkoitettu k\u00e4ytett\u00e4v\u00e4ksi kasvoilla.<\/p>\n<p><strong>HY\u00d6DYLLISI\u00c4 VINKKEJ\u00c4 ENNEN HOITOA:<\/strong> \u00c4L\u00c4 KOSKAAN ajele, vahaa tai kuori ihoa samana p\u00e4iv\u00e4n\u00e4, kun k\u00e4yt\u00e4t itseruskettavaa voidetta. Poista kaikki meikit. Huuhtele iho kylm\u00e4ll\u00e4 tai haalealla vedell\u00e4 ilman saippuaa ja taputtele iho kuivaksi. Vaaleat hiukset on suositeltavaa peitt\u00e4\u00e4 pyyhkeell\u00e4. Levit\u00e4 kosteuttava voide kuiville ihoalueille.<\/p>\n<p><strong>HY\u00d6DYLLISI\u00c4 VINKKEJ\u00c4 HOITOON JA SEN J\u00c4LKEEN:<\/strong> Varmista, ett\u00e4 valoa on riitt\u00e4v\u00e4sti ja levit\u00e4 itseruskettava aine huolellisesti ja tasaisesti iholle. Levit\u00e4 voidetta mahdollisimman ohuesti k\u00e4sien ja jalkojen alueelle. Parhaan tuloksen saavuttamiseksi odota v\u00e4hint\u00e4\u00e4n 4 tuntia ennen kylpemist\u00e4 tai suihkua. Vedess\u00e4 viipyminen ensimm\u00e4isten 4 tunnin aikana huonontaa tulosta. Jos harrastat urheilua, se kannattaa tehd\u00e4 ennen hoitoa, sill\u00e4 hiki pahentaa tulosta. Kosteuta ihoasi usein.<\/p>\n<p><strong>Ainekset:<\/strong><\/p>\n<p>Aqua (vesi), propaandiool,<br \/>\nDih\u00fcdroks\u00fcatsetoon, pol\u00fcsorbaat 80, sahhariidi isomeraat, kokamidoprop\u00fc\u00fcl<br \/>\nBetaiin, gl\u00fckonolaktoon, PEG-40 h\u00fcdrogeenitud kastoor\u00f5li, kapr\u00fc\u00fcl\u00fc\u00fcl<br \/>\ngl\u00fckool, dimet\u00fc\u00fclisosorbiid, gl\u00fctseriin, naatriumvesiniksulfit, sahharoos<br \/>\nLauraat, sidrunhape, fenoks\u00fcetanool, CI 19140, CI 15985, CI 28440, CI<br \/>\n16255, CI 16185, naatriumsulfaat.<\/p>\n","protected":false},"excerpt":{"rendered":"<div class=\"woocommerce-product-details__short-description\">\n<p><span style=\"color: #ff0000\"><strong>UUSI!<\/strong> <\/span>The Tan Co. Itseruskettava vaahto Ultra Dark (eritt\u00e4in tumma), joka ohjaa luonnollisia rusketuksen s\u00e4vyj\u00e4. Vaahto on ilman atsov\u00e4rej\u00e4 ja antaa nopeasti luonnollisen kes\u00e4rusketuksen.<\/p>\n<p>Luonnollinen sokeri (DHA) varmistaa v\u00e4litt\u00f6m\u00e4n ruskean ihon.<\/p>\n<p>Ottaa huomioon sinun ja ymp\u00e4rist\u00f6n hyvinvoinnin.<\/p>\n<p>Kosteuttaa ihoa 48 tunnin ajan.<\/p>\n<p>Tulos kest\u00e4\u00e4 7-10 p\u00e4iv\u00e4\u00e4.<\/p>\n<p>&nbsp;<\/p>\n<\/div>\n","protected":false},"featured_media":9775,"comment_status":"open","ping_status":"closed","template":"","meta":[],"product_brand":[],"product_cat":[],"product_tag":[],"class_list":{"0":"post-9879","1":"product","2":"type-product","3":"status-publish","4":"has-post-thumbnail","7":"first","8":"outofstock","9":"taxable","10":"shipping-taxable","11":"purchasable","12":"product-type-simple"},"yoast_head":"<!-- This site is optimized with the Yoast SEO plugin v26.9 - https:\/\/yoast.com\/product\/yoast-seo-wordpress\/ -->\n<title>The Tan Co. Instant Ultra Dark - Itseruskettava vaahtomuho - TheTanCo Esinduskauplus Eestis<\/title>\n<meta name=\"description\" content=\"The Tan Co. Instant Ultra Dark - Itseruskettava vaahtomuho. Vaahto on ilman atsov\u00e4rej\u00e4 ja antaa nopeasti luonnollisen kes\u00e4rusketuksen.\" \/>\n<meta name=\"robots\" content=\"index, follow, max-snippet:-1, max-image-preview:large, max-video-preview:-1\" \/>\n<link rel=\"canonical\" href=\"https:\/\/thetanco.ee\/fi\/tuote\/the-tan-co-instant-ultra-dark-self-running-foam-mousse\/\" \/>\n<meta property=\"og:locale\" content=\"fi_FI\" \/>\n<meta property=\"og:type\" content=\"article\" \/>\n<meta property=\"og:title\" content=\"The Tan Co. Instant Ultra Dark - Itseruskettava vaahtomuho - TheTanCo Esinduskauplus Eestis\" \/>\n<meta property=\"og:description\" content=\"The Tan Co. Instant Ultra Dark - Itseruskettava vaahtomuho. Vaahto on ilman atsov\u00e4rej\u00e4 ja antaa nopeasti luonnollisen kes\u00e4rusketuksen.\" \/>\n<meta property=\"og:url\" content=\"https:\/\/thetanco.ee\/fi\/tuote\/the-tan-co-instant-ultra-dark-self-running-foam-mousse\/\" \/>\n<meta property=\"og:site_name\" content=\"TheTanCo Esinduskauplus Eestis\" \/>\n<meta property=\"article:modified_time\" content=\"2025-02-11T08:49:25+00:00\" \/>\n<meta property=\"og:image\" content=\"https:\/\/thetanco.ee\/wp-content\/uploads\/2022\/06\/7.jpg\" \/>\n\t<meta property=\"og:image:width\" content=\"1080\" \/>\n\t<meta property=\"og:image:height\" content=\"1080\" \/>\n\t<meta property=\"og:image:type\" content=\"image\/jpeg\" \/>\n<meta name=\"twitter:card\" content=\"summary_large_image\" \/>\n<meta name=\"twitter:label1\" content=\"Arvioitu lukuaika\" \/>\n\t<meta name=\"twitter:data1\" content=\"1 minuutti\" \/>\n<script type=\"application\/ld+json\" class=\"yoast-schema-graph\">{\"@context\":\"https:\/\/schema.org\",\"@graph\":[{\"@type\":\"WebPage\",\"@id\":\"https:\/\/thetanco.ee\/fi\/tuote\/the-tan-co-instant-ultra-dark-self-running-foam-mousse\/\",\"url\":\"https:\/\/thetanco.ee\/fi\/tuote\/the-tan-co-instant-ultra-dark-self-running-foam-mousse\/\",\"name\":\"The Tan Co. Instant Ultra Dark - Itseruskettava vaahtomuho - TheTanCo Esinduskauplus Eestis\",\"isPartOf\":{\"@id\":\"https:\/\/thetanco.ee\/fi\/#website\"},\"primaryImageOfPage\":{\"@id\":\"https:\/\/thetanco.ee\/fi\/tuote\/the-tan-co-instant-ultra-dark-self-running-foam-mousse\/#primaryimage\"},\"image\":{\"@id\":\"https:\/\/thetanco.ee\/fi\/tuote\/the-tan-co-instant-ultra-dark-self-running-foam-mousse\/#primaryimage\"},\"thumbnailUrl\":\"https:\/\/thetanco.ee\/wp-content\/uploads\/2022\/06\/7.jpg\",\"datePublished\":\"2022-06-15T17:45:23+00:00\",\"dateModified\":\"2025-02-11T08:49:25+00:00\",\"description\":\"The Tan Co. Instant Ultra Dark - Itseruskettava vaahtomuho. Vaahto on ilman atsov\u00e4rej\u00e4 ja antaa nopeasti luonnollisen kes\u00e4rusketuksen.\",\"breadcrumb\":{\"@id\":\"https:\/\/thetanco.ee\/fi\/tuote\/the-tan-co-instant-ultra-dark-self-running-foam-mousse\/#breadcrumb\"},\"inLanguage\":\"fi\",\"potentialAction\":[{\"@type\":\"ReadAction\",\"target\":[\"https:\/\/thetanco.ee\/fi\/tuote\/the-tan-co-instant-ultra-dark-self-running-foam-mousse\/\"]}]},{\"@type\":\"ImageObject\",\"inLanguage\":\"fi\",\"@id\":\"https:\/\/thetanco.ee\/fi\/tuote\/the-tan-co-instant-ultra-dark-self-running-foam-mousse\/#primaryimage\",\"url\":\"https:\/\/thetanco.ee\/wp-content\/uploads\/2022\/06\/7.jpg\",\"contentUrl\":\"https:\/\/thetanco.ee\/wp-content\/uploads\/2022\/06\/7.jpg\",\"width\":1080,\"height\":1080},{\"@type\":\"BreadcrumbList\",\"@id\":\"https:\/\/thetanco.ee\/fi\/tuote\/the-tan-co-instant-ultra-dark-self-running-foam-mousse\/#breadcrumb\",\"itemListElement\":[{\"@type\":\"ListItem\",\"position\":1,\"name\":\"Koti\",\"item\":\"https:\/\/thetanco.ee\/fi\/\"},{\"@type\":\"ListItem\",\"position\":2,\"name\":\"Myym\u00e4l\u00e4\",\"item\":\"https:\/\/thetanco.ee\/pood\/\"},{\"@type\":\"ListItem\",\"position\":3,\"name\":\"The Tan Co. Instant Ultra Dark &#8211; Itseruskettava vaahtomuho\"}]},{\"@type\":\"WebSite\",\"@id\":\"https:\/\/thetanco.ee\/fi\/#website\",\"url\":\"https:\/\/thetanco.ee\/fi\/\",\"name\":\"TheTanCo Esinduskauplus Eestis\",\"description\":\"\",\"potentialAction\":[{\"@type\":\"SearchAction\",\"target\":{\"@type\":\"EntryPoint\",\"urlTemplate\":\"https:\/\/thetanco.ee\/fi\/?s={search_term_string}\"},\"query-input\":{\"@type\":\"PropertyValueSpecification\",\"valueRequired\":true,\"valueName\":\"search_term_string\"}}],\"inLanguage\":\"fi\"}]}<\/script>\n<!-- \/ Yoast SEO plugin. -->","yoast_head_json":{"title":"The Tan Co. Instant Ultra Dark - Itseruskettava vaahtomuho - TheTanCo Esinduskauplus Eestis","description":"The Tan Co. Instant Ultra Dark - Itseruskettava vaahtomuho. Vaahto on ilman atsov\u00e4rej\u00e4 ja antaa nopeasti luonnollisen kes\u00e4rusketuksen.","robots":{"index":"index","follow":"follow","max-snippet":"max-snippet:-1","max-image-preview":"max-image-preview:large","max-video-preview":"max-video-preview:-1"},"canonical":"https:\/\/thetanco.ee\/fi\/tuote\/the-tan-co-instant-ultra-dark-self-running-foam-mousse\/","og_locale":"fi_FI","og_type":"article","og_title":"The Tan Co. Instant Ultra Dark - Itseruskettava vaahtomuho - TheTanCo Esinduskauplus Eestis","og_description":"The Tan Co. Instant Ultra Dark - Itseruskettava vaahtomuho. Vaahto on ilman atsov\u00e4rej\u00e4 ja antaa nopeasti luonnollisen kes\u00e4rusketuksen.","og_url":"https:\/\/thetanco.ee\/fi\/tuote\/the-tan-co-instant-ultra-dark-self-running-foam-mousse\/","og_site_name":"TheTanCo Esinduskauplus Eestis","article_modified_time":"2025-02-11T08:49:25+00:00","og_image":[{"width":1080,"height":1080,"url":"https:\/\/thetanco.ee\/wp-content\/uploads\/2022\/06\/7.jpg","type":"image\/jpeg"}],"twitter_card":"summary_large_image","twitter_misc":{"Arvioitu lukuaika":"1 minuutti"},"schema":{"@context":"https:\/\/schema.org","@graph":[{"@type":"WebPage","@id":"https:\/\/thetanco.ee\/fi\/tuote\/the-tan-co-instant-ultra-dark-self-running-foam-mousse\/","url":"https:\/\/thetanco.ee\/fi\/tuote\/the-tan-co-instant-ultra-dark-self-running-foam-mousse\/","name":"The Tan Co. Instant Ultra Dark - Itseruskettava vaahtomuho - TheTanCo Esinduskauplus Eestis","isPartOf":{"@id":"https:\/\/thetanco.ee\/fi\/#website"},"primaryImageOfPage":{"@id":"https:\/\/thetanco.ee\/fi\/tuote\/the-tan-co-instant-ultra-dark-self-running-foam-mousse\/#primaryimage"},"image":{"@id":"https:\/\/thetanco.ee\/fi\/tuote\/the-tan-co-instant-ultra-dark-self-running-foam-mousse\/#primaryimage"},"thumbnailUrl":"https:\/\/thetanco.ee\/wp-content\/uploads\/2022\/06\/7.jpg","datePublished":"2022-06-15T17:45:23+00:00","dateModified":"2025-02-11T08:49:25+00:00","description":"The Tan Co. Instant Ultra Dark - Itseruskettava vaahtomuho. Vaahto on ilman atsov\u00e4rej\u00e4 ja antaa nopeasti luonnollisen kes\u00e4rusketuksen.","breadcrumb":{"@id":"https:\/\/thetanco.ee\/fi\/tuote\/the-tan-co-instant-ultra-dark-self-running-foam-mousse\/#breadcrumb"},"inLanguage":"fi","potentialAction":[{"@type":"ReadAction","target":["https:\/\/thetanco.ee\/fi\/tuote\/the-tan-co-instant-ultra-dark-self-running-foam-mousse\/"]}]},{"@type":"ImageObject","inLanguage":"fi","@id":"https:\/\/thetanco.ee\/fi\/tuote\/the-tan-co-instant-ultra-dark-self-running-foam-mousse\/#primaryimage","url":"https:\/\/thetanco.ee\/wp-content\/uploads\/2022\/06\/7.jpg","contentUrl":"https:\/\/thetanco.ee\/wp-content\/uploads\/2022\/06\/7.jpg","width":1080,"height":1080},{"@type":"BreadcrumbList","@id":"https:\/\/thetanco.ee\/fi\/tuote\/the-tan-co-instant-ultra-dark-self-running-foam-mousse\/#breadcrumb","itemListElement":[{"@type":"ListItem","position":1,"name":"Koti","item":"https:\/\/thetanco.ee\/fi\/"},{"@type":"ListItem","position":2,"name":"Myym\u00e4l\u00e4","item":"https:\/\/thetanco.ee\/pood\/"},{"@type":"ListItem","position":3,"name":"The Tan Co. Instant Ultra Dark &#8211; Itseruskettava vaahtomuho"}]},{"@type":"WebSite","@id":"https:\/\/thetanco.ee\/fi\/#website","url":"https:\/\/thetanco.ee\/fi\/","name":"TheTanCo Esinduskauplus Eestis","description":"","potentialAction":[{"@type":"SearchAction","target":{"@type":"EntryPoint","urlTemplate":"https:\/\/thetanco.ee\/fi\/?s={search_term_string}"},"query-input":{"@type":"PropertyValueSpecification","valueRequired":true,"valueName":"search_term_string"}}],"inLanguage":"fi"}]}},"_links":{"self":[{"href":"https:\/\/thetanco.ee\/fi\/wp-json\/wp\/v2\/product\/9879","targetHints":{"allow":["GET"]}}],"collection":[{"href":"https:\/\/thetanco.ee\/fi\/wp-json\/wp\/v2\/product"}],"about":[{"href":"https:\/\/thetanco.ee\/fi\/wp-json\/wp\/v2\/types\/product"}],"replies":[{"embeddable":true,"href":"https:\/\/thetanco.ee\/fi\/wp-json\/wp\/v2\/comments?post=9879"}],"version-history":[{"count":0,"href":"https:\/\/thetanco.ee\/fi\/wp-json\/wp\/v2\/product\/9879\/revisions"}],"wp:featuredmedia":[{"embeddable":true,"href":"https:\/\/thetanco.ee\/fi\/wp-json\/wp\/v2\/media\/9775"}],"wp:attachment":[{"href":"https:\/\/thetanco.ee\/fi\/wp-json\/wp\/v2\/media?parent=9879"}],"wp:term":[{"taxonomy":"product_brand","embeddable":true,"href":"https:\/\/thetanco.ee\/fi\/wp-json\/wp\/v2\/product_brand?post=9879"},{"taxonomy":"product_cat","embeddable":true,"href":"https:\/\/thetanco.ee\/fi\/wp-json\/wp\/v2\/product_cat?post=9879"},{"taxonomy":"product_tag","embeddable":true,"href":"https:\/\/thetanco.ee\/fi\/wp-json\/wp\/v2\/product_tag?post=9879"}],"curies":[{"name":"wp","href":"https:\/\/api.w.org\/{rel}","templated":true}]}}