{"id":9881,"date":"2022-06-15T20:37:00","date_gmt":"2022-06-15T17:37:00","guid":{"rendered":"https:\/\/thetanco.ee\/product\/the-tan-co-itseruskettavat-kasvovedet\/"},"modified":"2026-04-09T17:48:07","modified_gmt":"2026-04-09T14:48:07","slug":"the-tan-co-itseruskettava-naodrops","status":"publish","type":"product","link":"https:\/\/thetanco.ee\/fi\/tuote\/the-tan-co-itseruskettava-naodrops\/","title":{"rendered":"The Tan Co. &#8211; Itseruskettavat kasvovedet"},"content":{"rendered":"<p><em><strong>K\u00c4SIKIRJA:<\/strong><\/em><\/p>\n<p>Pumppaa 2-3 tippaa kasvoillesi tai vartalollesi ja levit\u00e4 kasvoille. Suosittelemme kuorinnan k\u00e4ytt\u00f6\u00e4 edellisen\u00e4 p\u00e4iv\u00e4n\u00e4 ja ihon kosteuttamista muutama tunti ennen k\u00e4ytt\u00f6\u00e4.<\/p>\n<p>Levit\u00e4 ohut, tasainen kerros v\u00e4litt\u00f6m\u00e4sti. V\u00e4lt\u00e4 levitt\u00e4mist\u00e4 suoraan silmiin, korviin ja huulille ja ole erityisen varovainen esimerkiksi k\u00e4siss\u00e4 ja jaloissa, pese k\u00f6ysi huolellisesti k\u00e4yt\u00f6n j\u00e4lkeen. Levit\u00e4miseen voit k\u00e4ytt\u00e4\u00e4 The Tan Co:n upeaa meikkisivellint\u00e4 kasvoillesi.<\/p>\n<p>-50 ml<br \/>\n-Ilma alkoholita<br \/>\n-Ei sisalda parf\u00fc\u00fcme<br \/>\n-Ei ole testitud loomade peal<br \/>\n-Vegan- sertifitseeritud<br \/>\n-ECO-sertivitseeritud<\/p>\n<p><em><strong>T\u00c4RKE\u00c4!<\/strong><\/em><\/p>\n<p>Pid\u00e4 poissa lasten ulottuvilta. V\u00e4lt\u00e4 ennen ensimm\u00e4ist\u00e4 pesua, levityksen j\u00e4lkeen satiinista, nylonista ja silkist\u00e4 valmistettuja vaatteita ja istumista vaalealla iholla ja herkill\u00e4 huonekaluilla.<\/p>\n<p>Suosittelemme s\u00e4ilytyst\u00e4 kuivassa, pime\u00e4ss\u00e4 ja viile\u00e4ss\u00e4 paikassa.<\/p>\n<p><strong>KOOSTISOSAD:<\/strong> Aqua, Aloe Barbadensis Leaf Juice*, Dihydroxyacetone, Glycerin, Gluconolactone, Xanthan Gum,<br \/>\nSodium Benzoate, Citric Acid, Calcium Gluconate.<\/p>\n<p>&nbsp;<\/p>\n","protected":false},"excerpt":{"rendered":"<p><em><strong><span style=\"color: #ff0000\">UUSI!<\/span><\/strong><\/em> Hajusteettomat itseruskettavat tippat, jotka kosteuttavat ja pehment\u00e4v\u00e4t t\u00e4ydellisesti. The Tan Co isepruunistavad n\u00e4otilgad tagavad sinu n\u00e4ole ilusa ja kauni p\u00e4evitusjume ja seda nahka rikkumata.<br \/>\nNiisutab nahka ja hoiab \u00e4ra enneaegse vananemise. Tipat antavat sinulle kauniin, luonnollisen kes\u00e4isen hehkun noin 3 tunnissa.<br \/>\n<span style=\"color: #ff0000\"><strong>NB!<\/strong><\/span> Voit k\u00e4ytt\u00e4\u00e4 kasvotipat suoraan kasvoillesi tai laittaa muutaman tipan p\u00e4iv\u00e4voiteen. Suoraan kasvoille levitettyn\u00e4 liian vaalea iho voi j\u00e4\u00e4d\u00e4 tummaksi. Ruskettuneelle iholle sopii tippaa suoraan kasvoille ja tuloksena on ruskea iho.<\/p>\n","protected":false},"featured_media":9769,"comment_status":"open","ping_status":"closed","template":"","meta":[],"product_brand":[],"product_cat":[107],"product_tag":[],"class_list":{"0":"post-9881","1":"product","2":"type-product","3":"status-publish","4":"has-post-thumbnail","6":"product_cat-kasvojen-tippoja","8":"first","9":"outofstock","10":"taxable","11":"shipping-taxable","12":"purchasable","13":"product-type-simple"},"yoast_head":"<!-- This site is optimized with the Yoast SEO plugin v26.9 - https:\/\/yoast.com\/product\/yoast-seo-wordpress\/ -->\n<title>The Tan Co. - Itseruskettavat kasvovedet - TheTanCo Esinduskauplus Eestis<\/title>\n<meta name=\"description\" content=\"The Tan Co. - Itseruskettavat kasvovedet. Hajusteettomat itseruskettavat tippat, jotka kosteuttavat ja pehment\u00e4v\u00e4t t\u00e4ydellisesti.\" \/>\n<meta name=\"robots\" content=\"index, follow, max-snippet:-1, max-image-preview:large, max-video-preview:-1\" \/>\n<link rel=\"canonical\" href=\"https:\/\/thetanco.ee\/fi\/tuote\/the-tan-co-itseruskettava-naodrops\/\" \/>\n<meta property=\"og:locale\" content=\"fi_FI\" \/>\n<meta property=\"og:type\" content=\"article\" \/>\n<meta property=\"og:title\" content=\"The Tan Co. - Itseruskettavat kasvovedet - TheTanCo Esinduskauplus Eestis\" \/>\n<meta property=\"og:description\" content=\"The Tan Co. - Itseruskettavat kasvovedet. Hajusteettomat itseruskettavat tippat, jotka kosteuttavat ja pehment\u00e4v\u00e4t t\u00e4ydellisesti.\" \/>\n<meta property=\"og:url\" content=\"https:\/\/thetanco.ee\/fi\/tuote\/the-tan-co-itseruskettava-naodrops\/\" \/>\n<meta property=\"og:site_name\" content=\"TheTanCo Esinduskauplus Eestis\" \/>\n<meta property=\"article:modified_time\" content=\"2026-04-09T14:48:07+00:00\" \/>\n<meta property=\"og:image\" content=\"https:\/\/thetanco.ee\/wp-content\/uploads\/2022\/06\/2.jpg\" \/>\n\t<meta property=\"og:image:width\" content=\"530\" \/>\n\t<meta property=\"og:image:height\" content=\"530\" \/>\n\t<meta property=\"og:image:type\" content=\"image\/jpeg\" \/>\n<meta name=\"twitter:card\" content=\"summary_large_image\" \/>\n<meta name=\"twitter:label1\" content=\"Arvioitu lukuaika\" \/>\n\t<meta name=\"twitter:data1\" content=\"1 minuutti\" \/>\n<script type=\"application\/ld+json\" class=\"yoast-schema-graph\">{\"@context\":\"https:\/\/schema.org\",\"@graph\":[{\"@type\":\"WebPage\",\"@id\":\"https:\/\/thetanco.ee\/fi\/tuote\/the-tan-co-itseruskettava-naodrops\/\",\"url\":\"https:\/\/thetanco.ee\/fi\/tuote\/the-tan-co-itseruskettava-naodrops\/\",\"name\":\"The Tan Co. - Itseruskettavat kasvovedet - TheTanCo Esinduskauplus Eestis\",\"isPartOf\":{\"@id\":\"https:\/\/thetanco.ee\/fi\/#website\"},\"primaryImageOfPage\":{\"@id\":\"https:\/\/thetanco.ee\/fi\/tuote\/the-tan-co-itseruskettava-naodrops\/#primaryimage\"},\"image\":{\"@id\":\"https:\/\/thetanco.ee\/fi\/tuote\/the-tan-co-itseruskettava-naodrops\/#primaryimage\"},\"thumbnailUrl\":\"https:\/\/thetanco.ee\/wp-content\/uploads\/2022\/06\/2.jpg\",\"datePublished\":\"2022-06-15T17:37:00+00:00\",\"dateModified\":\"2026-04-09T14:48:07+00:00\",\"description\":\"The Tan Co. - Itseruskettavat kasvovedet. Hajusteettomat itseruskettavat tippat, jotka kosteuttavat ja pehment\u00e4v\u00e4t t\u00e4ydellisesti.\",\"breadcrumb\":{\"@id\":\"https:\/\/thetanco.ee\/fi\/tuote\/the-tan-co-itseruskettava-naodrops\/#breadcrumb\"},\"inLanguage\":\"fi\",\"potentialAction\":[{\"@type\":\"ReadAction\",\"target\":[\"https:\/\/thetanco.ee\/fi\/tuote\/the-tan-co-itseruskettava-naodrops\/\"]}]},{\"@type\":\"ImageObject\",\"inLanguage\":\"fi\",\"@id\":\"https:\/\/thetanco.ee\/fi\/tuote\/the-tan-co-itseruskettava-naodrops\/#primaryimage\",\"url\":\"https:\/\/thetanco.ee\/wp-content\/uploads\/2022\/06\/2.jpg\",\"contentUrl\":\"https:\/\/thetanco.ee\/wp-content\/uploads\/2022\/06\/2.jpg\",\"width\":530,\"height\":530},{\"@type\":\"BreadcrumbList\",\"@id\":\"https:\/\/thetanco.ee\/fi\/tuote\/the-tan-co-itseruskettava-naodrops\/#breadcrumb\",\"itemListElement\":[{\"@type\":\"ListItem\",\"position\":1,\"name\":\"Koti\",\"item\":\"https:\/\/thetanco.ee\/fi\/\"},{\"@type\":\"ListItem\",\"position\":2,\"name\":\"Myym\u00e4l\u00e4\",\"item\":\"https:\/\/thetanco.ee\/pood\/\"},{\"@type\":\"ListItem\",\"position\":3,\"name\":\"The Tan Co. &#8211; Itseruskettavat kasvovedet\"}]},{\"@type\":\"WebSite\",\"@id\":\"https:\/\/thetanco.ee\/fi\/#website\",\"url\":\"https:\/\/thetanco.ee\/fi\/\",\"name\":\"TheTanCo Esinduskauplus Eestis\",\"description\":\"\",\"potentialAction\":[{\"@type\":\"SearchAction\",\"target\":{\"@type\":\"EntryPoint\",\"urlTemplate\":\"https:\/\/thetanco.ee\/fi\/?s={search_term_string}\"},\"query-input\":{\"@type\":\"PropertyValueSpecification\",\"valueRequired\":true,\"valueName\":\"search_term_string\"}}],\"inLanguage\":\"fi\"}]}<\/script>\n<!-- \/ Yoast SEO plugin. -->","yoast_head_json":{"title":"The Tan Co. - Itseruskettavat kasvovedet - TheTanCo Esinduskauplus Eestis","description":"The Tan Co. - Itseruskettavat kasvovedet. Hajusteettomat itseruskettavat tippat, jotka kosteuttavat ja pehment\u00e4v\u00e4t t\u00e4ydellisesti.","robots":{"index":"index","follow":"follow","max-snippet":"max-snippet:-1","max-image-preview":"max-image-preview:large","max-video-preview":"max-video-preview:-1"},"canonical":"https:\/\/thetanco.ee\/fi\/tuote\/the-tan-co-itseruskettava-naodrops\/","og_locale":"fi_FI","og_type":"article","og_title":"The Tan Co. - Itseruskettavat kasvovedet - TheTanCo Esinduskauplus Eestis","og_description":"The Tan Co. - Itseruskettavat kasvovedet. Hajusteettomat itseruskettavat tippat, jotka kosteuttavat ja pehment\u00e4v\u00e4t t\u00e4ydellisesti.","og_url":"https:\/\/thetanco.ee\/fi\/tuote\/the-tan-co-itseruskettava-naodrops\/","og_site_name":"TheTanCo Esinduskauplus Eestis","article_modified_time":"2026-04-09T14:48:07+00:00","og_image":[{"width":530,"height":530,"url":"https:\/\/thetanco.ee\/wp-content\/uploads\/2022\/06\/2.jpg","type":"image\/jpeg"}],"twitter_card":"summary_large_image","twitter_misc":{"Arvioitu lukuaika":"1 minuutti"},"schema":{"@context":"https:\/\/schema.org","@graph":[{"@type":"WebPage","@id":"https:\/\/thetanco.ee\/fi\/tuote\/the-tan-co-itseruskettava-naodrops\/","url":"https:\/\/thetanco.ee\/fi\/tuote\/the-tan-co-itseruskettava-naodrops\/","name":"The Tan Co. - Itseruskettavat kasvovedet - TheTanCo Esinduskauplus Eestis","isPartOf":{"@id":"https:\/\/thetanco.ee\/fi\/#website"},"primaryImageOfPage":{"@id":"https:\/\/thetanco.ee\/fi\/tuote\/the-tan-co-itseruskettava-naodrops\/#primaryimage"},"image":{"@id":"https:\/\/thetanco.ee\/fi\/tuote\/the-tan-co-itseruskettava-naodrops\/#primaryimage"},"thumbnailUrl":"https:\/\/thetanco.ee\/wp-content\/uploads\/2022\/06\/2.jpg","datePublished":"2022-06-15T17:37:00+00:00","dateModified":"2026-04-09T14:48:07+00:00","description":"The Tan Co. - Itseruskettavat kasvovedet. Hajusteettomat itseruskettavat tippat, jotka kosteuttavat ja pehment\u00e4v\u00e4t t\u00e4ydellisesti.","breadcrumb":{"@id":"https:\/\/thetanco.ee\/fi\/tuote\/the-tan-co-itseruskettava-naodrops\/#breadcrumb"},"inLanguage":"fi","potentialAction":[{"@type":"ReadAction","target":["https:\/\/thetanco.ee\/fi\/tuote\/the-tan-co-itseruskettava-naodrops\/"]}]},{"@type":"ImageObject","inLanguage":"fi","@id":"https:\/\/thetanco.ee\/fi\/tuote\/the-tan-co-itseruskettava-naodrops\/#primaryimage","url":"https:\/\/thetanco.ee\/wp-content\/uploads\/2022\/06\/2.jpg","contentUrl":"https:\/\/thetanco.ee\/wp-content\/uploads\/2022\/06\/2.jpg","width":530,"height":530},{"@type":"BreadcrumbList","@id":"https:\/\/thetanco.ee\/fi\/tuote\/the-tan-co-itseruskettava-naodrops\/#breadcrumb","itemListElement":[{"@type":"ListItem","position":1,"name":"Koti","item":"https:\/\/thetanco.ee\/fi\/"},{"@type":"ListItem","position":2,"name":"Myym\u00e4l\u00e4","item":"https:\/\/thetanco.ee\/pood\/"},{"@type":"ListItem","position":3,"name":"The Tan Co. &#8211; Itseruskettavat kasvovedet"}]},{"@type":"WebSite","@id":"https:\/\/thetanco.ee\/fi\/#website","url":"https:\/\/thetanco.ee\/fi\/","name":"TheTanCo Esinduskauplus Eestis","description":"","potentialAction":[{"@type":"SearchAction","target":{"@type":"EntryPoint","urlTemplate":"https:\/\/thetanco.ee\/fi\/?s={search_term_string}"},"query-input":{"@type":"PropertyValueSpecification","valueRequired":true,"valueName":"search_term_string"}}],"inLanguage":"fi"}]}},"_links":{"self":[{"href":"https:\/\/thetanco.ee\/fi\/wp-json\/wp\/v2\/product\/9881","targetHints":{"allow":["GET"]}}],"collection":[{"href":"https:\/\/thetanco.ee\/fi\/wp-json\/wp\/v2\/product"}],"about":[{"href":"https:\/\/thetanco.ee\/fi\/wp-json\/wp\/v2\/types\/product"}],"replies":[{"embeddable":true,"href":"https:\/\/thetanco.ee\/fi\/wp-json\/wp\/v2\/comments?post=9881"}],"version-history":[{"count":0,"href":"https:\/\/thetanco.ee\/fi\/wp-json\/wp\/v2\/product\/9881\/revisions"}],"wp:featuredmedia":[{"embeddable":true,"href":"https:\/\/thetanco.ee\/fi\/wp-json\/wp\/v2\/media\/9769"}],"wp:attachment":[{"href":"https:\/\/thetanco.ee\/fi\/wp-json\/wp\/v2\/media?parent=9881"}],"wp:term":[{"taxonomy":"product_brand","embeddable":true,"href":"https:\/\/thetanco.ee\/fi\/wp-json\/wp\/v2\/product_brand?post=9881"},{"taxonomy":"product_cat","embeddable":true,"href":"https:\/\/thetanco.ee\/fi\/wp-json\/wp\/v2\/product_cat?post=9881"},{"taxonomy":"product_tag","embeddable":true,"href":"https:\/\/thetanco.ee\/fi\/wp-json\/wp\/v2\/product_tag?post=9881"}],"curies":[{"name":"wp","href":"https:\/\/api.w.org\/{rel}","templated":true}]}}