{"id":9882,"date":"2022-06-15T20:33:15","date_gmt":"2022-06-15T17:33:15","guid":{"rendered":"https:\/\/thetanco.ee\/product\/the-tan-co-itseruskettavat-kasvotipatsetti\/"},"modified":"2025-01-20T20:59:02","modified_gmt":"2025-01-20T18:59:02","slug":"the-tan-co-self-tanning-drops-kit","status":"publish","type":"product","link":"https:\/\/thetanco.ee\/fi\/tuote\/the-tan-co-self-tanning-drops-kit\/","title":{"rendered":"The Tan Co. &#8211; Itseruskettavat kasvotipatsetti."},"content":{"rendered":"<p><em><strong>K\u00c4SIKIRJA:<\/strong><\/em><\/p>\n<p>Pumppaa 2-3 tippaa kasvoillesi tai vartalollesi ja levit\u00e4 kasvoille. Suosittelemme kuorinnan k\u00e4ytt\u00f6\u00e4 edellisen\u00e4 p\u00e4iv\u00e4n\u00e4 ja ihon kosteuttamista muutama tunti ennen k\u00e4ytt\u00f6\u00e4.<\/p>\n<p>Levit\u00e4 ohut, tasainen kerros v\u00e4litt\u00f6m\u00e4sti. V\u00e4lt\u00e4 levitt\u00e4mist\u00e4 suoraan silmiin, korviin ja huulille ja ole erityisen varovainen esimerkiksi k\u00e4siss\u00e4 ja jaloissa, pese k\u00f6ysi huolellisesti k\u00e4yt\u00f6n j\u00e4lkeen. Levit\u00e4miseen voit k\u00e4ytt\u00e4\u00e4 The Tan Co:n upeaa meikkisivellint\u00e4 kasvoillesi.<\/p>\n<p>-50 ml<br \/>\n&#8211; Ilman alkoholia<br \/>\n&#8211; Ei sis\u00e4ll\u00e4 hajusteita<br \/>\n&#8211; Ei testattu el\u00e4imill\u00e4<br \/>\n&#8211; Vegaani-sertifioitu<br \/>\n-ECO-sertifioitu<\/p>\n<p><em><strong>T\u00c4RKE\u00c4!<\/strong><\/em><\/p>\n<p>Pid\u00e4 poissa lasten ulottuvilta. V\u00e4lt\u00e4 ennen ensimm\u00e4ist\u00e4 pesua, levityksen j\u00e4lkeen satiinista, nylonista ja silkist\u00e4 valmistettuja vaatteita ja istumista vaalealla iholla ja herkill\u00e4 huonekaluilla.<\/p>\n<p>Suosittelemme s\u00e4ilytyst\u00e4 kuivassa, pime\u00e4ss\u00e4 ja viile\u00e4ss\u00e4 paikassa.<\/p>\n<p><strong>AINESOSAT:<\/strong> Aqua, Aloe Barbadensis -lehtimehu*, dihydroksiasetoni, glyseriini, glukonolaktoni, ksantaanikumi,<br \/>\nNatriumbentsoaatti, sitruunahappo, kalsiumglukonaatti.<\/p>\n<p>&nbsp;<\/p>\n","protected":false},"excerpt":{"rendered":"<p><em><strong><span style=\"color: #ff0000;\">UUSI!<\/span><\/strong><\/em> Hajusteettomat itseruskettavat tippat, jotka kosteuttavat ja pehment\u00e4v\u00e4t t\u00e4ydellisesti. Tan Co itseruskettavat kasvotipat takaavat kauniin ja kauniin rusketuksen kasvoillesi vahingoittamatta ihoasi.<br \/>\nKosteuttaa ihoa ja ehk\u00e4isee ennenaikaista ik\u00e4\u00e4ntymist\u00e4. Tipat antavat sinulle kauniin, luonnollisen kes\u00e4isen hehkun noin 3 tunnissa.<br \/>\n<span style=\"color: #ff0000;\"><strong>NB!<\/strong><\/span> Voit k\u00e4ytt\u00e4\u00e4 kasvotipat suoraan kasvoillesi tai laittaa muutaman tipan p\u00e4iv\u00e4voiteen. Suoraan kasvoille levitettyn\u00e4 liian vaalea iho voi j\u00e4\u00e4d\u00e4 tummaksi. Ruskettuneelle iholle sopii tippaa suoraan kasvoille ja tuloksena on ruskea iho.<\/p>\n","protected":false},"featured_media":9767,"comment_status":"open","ping_status":"closed","template":"","meta":[],"product_brand":[],"product_cat":[105],"product_tag":[],"class_list":{"0":"post-9882","1":"product","2":"type-product","3":"status-publish","4":"has-post-thumbnail","6":"product_cat-sarjat","8":"first","9":"instock","10":"taxable","11":"shipping-taxable","12":"purchasable","13":"product-type-simple"},"yoast_head":"<!-- This site is optimized with the Yoast SEO plugin v26.9 - https:\/\/yoast.com\/product\/yoast-seo-wordpress\/ -->\n<title>The Tan Co. - Itseruskettavat kasvotipatsetti. - TheTanCo Esinduskauplus Eestis<\/title>\n<meta name=\"description\" content=\"The Tan Co. - Itseruskettavat kasvotipatsetti. Hajusteettomat itseruskettavat tippat, jotka kosteuttavat ja pehment\u00e4v\u00e4t t\u00e4ydellisesti.\" \/>\n<meta name=\"robots\" content=\"index, follow, max-snippet:-1, max-image-preview:large, max-video-preview:-1\" \/>\n<link rel=\"canonical\" href=\"https:\/\/thetanco.ee\/fi\/tuote\/the-tan-co-self-tanning-drops-kit\/\" \/>\n<meta property=\"og:locale\" content=\"fi_FI\" \/>\n<meta property=\"og:type\" content=\"article\" \/>\n<meta property=\"og:title\" content=\"The Tan Co. - Itseruskettavat kasvotipatsetti. - TheTanCo Esinduskauplus Eestis\" \/>\n<meta property=\"og:description\" content=\"The Tan Co. - Itseruskettavat kasvotipatsetti. Hajusteettomat itseruskettavat tippat, jotka kosteuttavat ja pehment\u00e4v\u00e4t t\u00e4ydellisesti.\" \/>\n<meta property=\"og:url\" content=\"https:\/\/thetanco.ee\/fi\/tuote\/the-tan-co-self-tanning-drops-kit\/\" \/>\n<meta property=\"og:site_name\" content=\"TheTanCo Esinduskauplus Eestis\" \/>\n<meta property=\"article:modified_time\" content=\"2025-01-20T18:59:02+00:00\" \/>\n<meta property=\"og:image\" content=\"https:\/\/thetanco.ee\/wp-content\/uploads\/2022\/06\/1.jpg\" \/>\n\t<meta property=\"og:image:width\" content=\"530\" \/>\n\t<meta property=\"og:image:height\" content=\"530\" \/>\n\t<meta property=\"og:image:type\" content=\"image\/jpeg\" \/>\n<meta name=\"twitter:card\" content=\"summary_large_image\" \/>\n<meta name=\"twitter:label1\" content=\"Arvioitu lukuaika\" \/>\n\t<meta name=\"twitter:data1\" content=\"1 minuutti\" \/>\n<script type=\"application\/ld+json\" class=\"yoast-schema-graph\">{\"@context\":\"https:\/\/schema.org\",\"@graph\":[{\"@type\":\"WebPage\",\"@id\":\"https:\/\/thetanco.ee\/fi\/tuote\/the-tan-co-self-tanning-drops-kit\/\",\"url\":\"https:\/\/thetanco.ee\/fi\/tuote\/the-tan-co-self-tanning-drops-kit\/\",\"name\":\"The Tan Co. - Itseruskettavat kasvotipatsetti. - TheTanCo Esinduskauplus Eestis\",\"isPartOf\":{\"@id\":\"https:\/\/thetanco.ee\/fi\/#website\"},\"primaryImageOfPage\":{\"@id\":\"https:\/\/thetanco.ee\/fi\/tuote\/the-tan-co-self-tanning-drops-kit\/#primaryimage\"},\"image\":{\"@id\":\"https:\/\/thetanco.ee\/fi\/tuote\/the-tan-co-self-tanning-drops-kit\/#primaryimage\"},\"thumbnailUrl\":\"https:\/\/thetanco.ee\/wp-content\/uploads\/2022\/06\/1.jpg\",\"datePublished\":\"2022-06-15T17:33:15+00:00\",\"dateModified\":\"2025-01-20T18:59:02+00:00\",\"description\":\"The Tan Co. - Itseruskettavat kasvotipatsetti. Hajusteettomat itseruskettavat tippat, jotka kosteuttavat ja pehment\u00e4v\u00e4t t\u00e4ydellisesti.\",\"breadcrumb\":{\"@id\":\"https:\/\/thetanco.ee\/fi\/tuote\/the-tan-co-self-tanning-drops-kit\/#breadcrumb\"},\"inLanguage\":\"fi\",\"potentialAction\":[{\"@type\":\"ReadAction\",\"target\":[\"https:\/\/thetanco.ee\/fi\/tuote\/the-tan-co-self-tanning-drops-kit\/\"]}]},{\"@type\":\"ImageObject\",\"inLanguage\":\"fi\",\"@id\":\"https:\/\/thetanco.ee\/fi\/tuote\/the-tan-co-self-tanning-drops-kit\/#primaryimage\",\"url\":\"https:\/\/thetanco.ee\/wp-content\/uploads\/2022\/06\/1.jpg\",\"contentUrl\":\"https:\/\/thetanco.ee\/wp-content\/uploads\/2022\/06\/1.jpg\",\"width\":530,\"height\":530},{\"@type\":\"BreadcrumbList\",\"@id\":\"https:\/\/thetanco.ee\/fi\/tuote\/the-tan-co-self-tanning-drops-kit\/#breadcrumb\",\"itemListElement\":[{\"@type\":\"ListItem\",\"position\":1,\"name\":\"Koti\",\"item\":\"https:\/\/thetanco.ee\/fi\/\"},{\"@type\":\"ListItem\",\"position\":2,\"name\":\"Myym\u00e4l\u00e4\",\"item\":\"https:\/\/thetanco.ee\/pood\/\"},{\"@type\":\"ListItem\",\"position\":3,\"name\":\"The Tan Co. &#8211; Itseruskettavat kasvotipatsetti.\"}]},{\"@type\":\"WebSite\",\"@id\":\"https:\/\/thetanco.ee\/fi\/#website\",\"url\":\"https:\/\/thetanco.ee\/fi\/\",\"name\":\"TheTanCo Esinduskauplus Eestis\",\"description\":\"\",\"potentialAction\":[{\"@type\":\"SearchAction\",\"target\":{\"@type\":\"EntryPoint\",\"urlTemplate\":\"https:\/\/thetanco.ee\/fi\/?s={search_term_string}\"},\"query-input\":{\"@type\":\"PropertyValueSpecification\",\"valueRequired\":true,\"valueName\":\"search_term_string\"}}],\"inLanguage\":\"fi\"}]}<\/script>\n<!-- \/ Yoast SEO plugin. -->","yoast_head_json":{"title":"The Tan Co. - Itseruskettavat kasvotipatsetti. - TheTanCo Esinduskauplus Eestis","description":"The Tan Co. - Itseruskettavat kasvotipatsetti. Hajusteettomat itseruskettavat tippat, jotka kosteuttavat ja pehment\u00e4v\u00e4t t\u00e4ydellisesti.","robots":{"index":"index","follow":"follow","max-snippet":"max-snippet:-1","max-image-preview":"max-image-preview:large","max-video-preview":"max-video-preview:-1"},"canonical":"https:\/\/thetanco.ee\/fi\/tuote\/the-tan-co-self-tanning-drops-kit\/","og_locale":"fi_FI","og_type":"article","og_title":"The Tan Co. - Itseruskettavat kasvotipatsetti. - TheTanCo Esinduskauplus Eestis","og_description":"The Tan Co. - Itseruskettavat kasvotipatsetti. Hajusteettomat itseruskettavat tippat, jotka kosteuttavat ja pehment\u00e4v\u00e4t t\u00e4ydellisesti.","og_url":"https:\/\/thetanco.ee\/fi\/tuote\/the-tan-co-self-tanning-drops-kit\/","og_site_name":"TheTanCo Esinduskauplus Eestis","article_modified_time":"2025-01-20T18:59:02+00:00","og_image":[{"width":530,"height":530,"url":"https:\/\/thetanco.ee\/wp-content\/uploads\/2022\/06\/1.jpg","type":"image\/jpeg"}],"twitter_card":"summary_large_image","twitter_misc":{"Arvioitu lukuaika":"1 minuutti"},"schema":{"@context":"https:\/\/schema.org","@graph":[{"@type":"WebPage","@id":"https:\/\/thetanco.ee\/fi\/tuote\/the-tan-co-self-tanning-drops-kit\/","url":"https:\/\/thetanco.ee\/fi\/tuote\/the-tan-co-self-tanning-drops-kit\/","name":"The Tan Co. - Itseruskettavat kasvotipatsetti. - TheTanCo Esinduskauplus Eestis","isPartOf":{"@id":"https:\/\/thetanco.ee\/fi\/#website"},"primaryImageOfPage":{"@id":"https:\/\/thetanco.ee\/fi\/tuote\/the-tan-co-self-tanning-drops-kit\/#primaryimage"},"image":{"@id":"https:\/\/thetanco.ee\/fi\/tuote\/the-tan-co-self-tanning-drops-kit\/#primaryimage"},"thumbnailUrl":"https:\/\/thetanco.ee\/wp-content\/uploads\/2022\/06\/1.jpg","datePublished":"2022-06-15T17:33:15+00:00","dateModified":"2025-01-20T18:59:02+00:00","description":"The Tan Co. - Itseruskettavat kasvotipatsetti. Hajusteettomat itseruskettavat tippat, jotka kosteuttavat ja pehment\u00e4v\u00e4t t\u00e4ydellisesti.","breadcrumb":{"@id":"https:\/\/thetanco.ee\/fi\/tuote\/the-tan-co-self-tanning-drops-kit\/#breadcrumb"},"inLanguage":"fi","potentialAction":[{"@type":"ReadAction","target":["https:\/\/thetanco.ee\/fi\/tuote\/the-tan-co-self-tanning-drops-kit\/"]}]},{"@type":"ImageObject","inLanguage":"fi","@id":"https:\/\/thetanco.ee\/fi\/tuote\/the-tan-co-self-tanning-drops-kit\/#primaryimage","url":"https:\/\/thetanco.ee\/wp-content\/uploads\/2022\/06\/1.jpg","contentUrl":"https:\/\/thetanco.ee\/wp-content\/uploads\/2022\/06\/1.jpg","width":530,"height":530},{"@type":"BreadcrumbList","@id":"https:\/\/thetanco.ee\/fi\/tuote\/the-tan-co-self-tanning-drops-kit\/#breadcrumb","itemListElement":[{"@type":"ListItem","position":1,"name":"Koti","item":"https:\/\/thetanco.ee\/fi\/"},{"@type":"ListItem","position":2,"name":"Myym\u00e4l\u00e4","item":"https:\/\/thetanco.ee\/pood\/"},{"@type":"ListItem","position":3,"name":"The Tan Co. &#8211; Itseruskettavat kasvotipatsetti."}]},{"@type":"WebSite","@id":"https:\/\/thetanco.ee\/fi\/#website","url":"https:\/\/thetanco.ee\/fi\/","name":"TheTanCo Esinduskauplus Eestis","description":"","potentialAction":[{"@type":"SearchAction","target":{"@type":"EntryPoint","urlTemplate":"https:\/\/thetanco.ee\/fi\/?s={search_term_string}"},"query-input":{"@type":"PropertyValueSpecification","valueRequired":true,"valueName":"search_term_string"}}],"inLanguage":"fi"}]}},"_links":{"self":[{"href":"https:\/\/thetanco.ee\/fi\/wp-json\/wp\/v2\/product\/9882","targetHints":{"allow":["GET"]}}],"collection":[{"href":"https:\/\/thetanco.ee\/fi\/wp-json\/wp\/v2\/product"}],"about":[{"href":"https:\/\/thetanco.ee\/fi\/wp-json\/wp\/v2\/types\/product"}],"replies":[{"embeddable":true,"href":"https:\/\/thetanco.ee\/fi\/wp-json\/wp\/v2\/comments?post=9882"}],"version-history":[{"count":0,"href":"https:\/\/thetanco.ee\/fi\/wp-json\/wp\/v2\/product\/9882\/revisions"}],"wp:featuredmedia":[{"embeddable":true,"href":"https:\/\/thetanco.ee\/fi\/wp-json\/wp\/v2\/media\/9767"}],"wp:attachment":[{"href":"https:\/\/thetanco.ee\/fi\/wp-json\/wp\/v2\/media?parent=9882"}],"wp:term":[{"taxonomy":"product_brand","embeddable":true,"href":"https:\/\/thetanco.ee\/fi\/wp-json\/wp\/v2\/product_brand?post=9882"},{"taxonomy":"product_cat","embeddable":true,"href":"https:\/\/thetanco.ee\/fi\/wp-json\/wp\/v2\/product_cat?post=9882"},{"taxonomy":"product_tag","embeddable":true,"href":"https:\/\/thetanco.ee\/fi\/wp-json\/wp\/v2\/product_tag?post=9882"}],"curies":[{"name":"wp","href":"https:\/\/api.w.org\/{rel}","templated":true}]}}