{"id":9883,"date":"2022-06-15T20:26:17","date_gmt":"2022-06-15T17:26:17","guid":{"rendered":"https:\/\/thetanco.ee\/product\/the-tan-co-dark-itseruskettava-sarja\/"},"modified":"2025-10-27T04:15:29","modified_gmt":"2025-10-27T02:15:29","slug":"the-tan-co-dark-self-tanningu-setti","status":"publish","type":"product","link":"https:\/\/thetanco.ee\/fi\/tuote\/the-tan-co-dark-self-tanningu-setti\/","title":{"rendered":"The Tan Co. Dark &#8211; Itseruskettava sarja"},"content":{"rendered":"<p>The Tan Co. Itseruskettava vaahto (tumma) opasteella luonnollisiin rusketuss\u00e4vyihin. Vaahto on ilman atsov\u00e4rej\u00e4<br \/>\nja antaa nopeasti luonnollisen kes\u00e4rusketuksen.<\/p>\n<p>Luonnollinen sokeri (DHA) varmistaa ruskean ihon jo 3 tunnin kuluttua. Ottaa huomioon sinun ja ymp\u00e4rist\u00f6n hyvinvoinnin. Kosteuttaa ihoa 48 tunnin ajan. Tulos kest\u00e4\u00e4 7-10 p\u00e4iv\u00e4\u00e4.<\/p>\n<p>NB! Kun tuotetta levitet\u00e4\u00e4n iholle ja iho l\u00e4mpenee, saattaa esiinty\u00e4 itseruskettavalle ominaista hajua, mutta tuote ei sis\u00e4ll\u00e4 lis\u00e4ttyj\u00e4 hajusteita.<\/p>\n<p>\u2013 Ilman alkoholia<br \/>\n\u2013 Ei sis\u00e4ll\u00e4 hajusteita<br \/>\n\u2013 Ei testattu el\u00e4imill\u00e4<br \/>\n\u2013 Vegaanisertifioitu<\/p>\n<p><strong>K\u00c4YTT\u00d6OHJE<\/strong>: Paina pumppu alas ja annostele haluamasi m\u00e4\u00e4r\u00e4 itseruskettavaa k\u00e4mmenelle tai suoraan rusketuskintaan. Levit\u00e4 itseruskettava vaahto suoraan iholle tasaisena ohuena kerroksena. V\u00e4lt\u00e4 suoraa kosketusta silmiin, korviin ja huulten. Pese k\u00e4tesi huolellisesti k\u00e4yt\u00f6n j\u00e4lkeen. On suositeltavaa k\u00e4ytt\u00e4\u00e4 erityist\u00e4 k\u00e4sinett\u00e4 (rusketusk\u00e4sine).<\/p>\n<p><strong>HY\u00d6DYLLISI\u00c4 VINKKEJ\u00c4 ENNEN HOITOA:<\/strong> \u00c4L\u00c4 KOSKAAN ajele, vahaa tai kuori ihoa samana p\u00e4iv\u00e4n\u00e4, kun k\u00e4yt\u00e4t itseruskettavaa voidetta. Poista kaikki meikit. Huuhtele iho kylm\u00e4ll\u00e4 tai haalealla vedell\u00e4 ilman saippuaa ja taputtele iho kuivaksi. Vaaleat hiukset on suositeltavaa peitt\u00e4\u00e4 pyyhkeell\u00e4. Levit\u00e4 kosteuttava voide kuiville ihoalueille.<\/p>\n<p><strong>HY\u00d6DYLLISI\u00c4 VINKKEJ\u00c4 HOITOON JA SEN J\u00c4LKEEN:<\/strong> Varmista, ett\u00e4 valoa on riitt\u00e4v\u00e4sti ja levit\u00e4 itseruskettava aine huolellisesti ja tasaisesti iholle. Levit\u00e4 voidetta mahdollisimman ohuesti k\u00e4sien ja jalkojen alueelle. Parhaan tuloksen saavuttamiseksi odota v\u00e4hint\u00e4\u00e4n 4 tuntia ennen kylpemist\u00e4 tai suihkua. Vedess\u00e4 viipyminen ensimm\u00e4isten 4 tunnin aikana huonontaa tulosta. Jos harrastat urheilua, se kannattaa tehd\u00e4 ennen hoitoa, sill\u00e4 hiki pahentaa tulosta. Kosteuta ihoasi usein.<\/p>\n<p><strong>AINESOSAT:<\/strong> Vesi, propaanidioli, dihydroksiasetoni, polysorbaatti 80, sakkaridi-isomeraatti, kokamidopropyylibetaiini, glukonolaktoni, PEG-40 hydrattu risiini\u00f6ljy, kaprylyyliglykoli, dimetyyli-isosorbidi, glyseriini, natriumdisulfiitti, sakkaroosihappo C19140, Cl 15985, Cl 28440, Cl 16255, Cl 16185, natriumsulfaatti.<\/p>\n","protected":false},"excerpt":{"rendered":"<p>The Tan Co. Itseruskettava vaahto (tumma) opasteella luonnollisiin rusketuss\u00e4vyihin. Vaahto on ilman atsov\u00e4rej\u00e4 ja antaa nopeasti luonnollisen kes\u00e4rusketuksen. Luonnollinen sokeri<\/p>\n","protected":false},"featured_media":9765,"comment_status":"open","ping_status":"closed","template":"","meta":[],"product_brand":[],"product_cat":[105],"product_tag":[],"class_list":{"0":"post-9883","1":"product","2":"type-product","3":"status-publish","4":"has-post-thumbnail","6":"product_cat-sarjat","8":"first","9":"instock","10":"taxable","11":"shipping-taxable","12":"purchasable","13":"product-type-simple"},"yoast_head":"<!-- This site is optimized with the Yoast SEO plugin v26.9 - https:\/\/yoast.com\/product\/yoast-seo-wordpress\/ -->\n<title>The Tan Co. Dark - Itseruskettava sarja - TheTanCo Esinduskauplus Eestis<\/title>\n<meta name=\"description\" content=\"The Tan Co. Dark - Itseruskettava sarja, jossa on opas luonnollisiin rusketuss\u00e4vyihin. Vaahto on ilman atsov\u00e4rej\u00e4 ja antaa nopeasti luonnollisen kes\u00e4rusketuksen.\" \/>\n<meta name=\"robots\" content=\"index, follow, max-snippet:-1, max-image-preview:large, max-video-preview:-1\" \/>\n<link rel=\"canonical\" href=\"https:\/\/thetanco.ee\/fi\/tuote\/the-tan-co-dark-self-tanningu-setti\/\" \/>\n<meta property=\"og:locale\" content=\"fi_FI\" \/>\n<meta property=\"og:type\" content=\"article\" \/>\n<meta property=\"og:title\" content=\"The Tan Co. Dark - Itseruskettava sarja - TheTanCo Esinduskauplus Eestis\" \/>\n<meta property=\"og:description\" content=\"The Tan Co. Dark - Itseruskettava sarja, jossa on opas luonnollisiin rusketuss\u00e4vyihin. Vaahto on ilman atsov\u00e4rej\u00e4 ja antaa nopeasti luonnollisen kes\u00e4rusketuksen.\" \/>\n<meta property=\"og:url\" content=\"https:\/\/thetanco.ee\/fi\/tuote\/the-tan-co-dark-self-tanningu-setti\/\" \/>\n<meta property=\"og:site_name\" content=\"TheTanCo Esinduskauplus Eestis\" \/>\n<meta property=\"article:modified_time\" content=\"2025-10-27T02:15:29+00:00\" \/>\n<meta property=\"og:image\" content=\"https:\/\/thetanco.ee\/wp-content\/uploads\/2022\/06\/TheTanCo-0020-2-Edit-scaled-1.jpg\" \/>\n\t<meta property=\"og:image:width\" content=\"2560\" \/>\n\t<meta property=\"og:image:height\" content=\"2560\" \/>\n\t<meta property=\"og:image:type\" content=\"image\/jpeg\" \/>\n<meta name=\"twitter:card\" content=\"summary_large_image\" \/>\n<meta name=\"twitter:label1\" content=\"Arvioitu lukuaika\" \/>\n\t<meta name=\"twitter:data1\" content=\"1 minuutti\" \/>\n<script type=\"application\/ld+json\" class=\"yoast-schema-graph\">{\"@context\":\"https:\/\/schema.org\",\"@graph\":[{\"@type\":\"WebPage\",\"@id\":\"https:\/\/thetanco.ee\/fi\/tuote\/the-tan-co-dark-self-tanningu-setti\/\",\"url\":\"https:\/\/thetanco.ee\/fi\/tuote\/the-tan-co-dark-self-tanningu-setti\/\",\"name\":\"The Tan Co. Dark - Itseruskettava sarja - TheTanCo Esinduskauplus Eestis\",\"isPartOf\":{\"@id\":\"https:\/\/thetanco.ee\/fi\/#website\"},\"primaryImageOfPage\":{\"@id\":\"https:\/\/thetanco.ee\/fi\/tuote\/the-tan-co-dark-self-tanningu-setti\/#primaryimage\"},\"image\":{\"@id\":\"https:\/\/thetanco.ee\/fi\/tuote\/the-tan-co-dark-self-tanningu-setti\/#primaryimage\"},\"thumbnailUrl\":\"https:\/\/thetanco.ee\/wp-content\/uploads\/2022\/06\/TheTanCo-0020-2-Edit-scaled-1.jpg\",\"datePublished\":\"2022-06-15T17:26:17+00:00\",\"dateModified\":\"2025-10-27T02:15:29+00:00\",\"description\":\"The Tan Co. Dark - Itseruskettava sarja, jossa on opas luonnollisiin rusketuss\u00e4vyihin. Vaahto on ilman atsov\u00e4rej\u00e4 ja antaa nopeasti luonnollisen kes\u00e4rusketuksen.\",\"breadcrumb\":{\"@id\":\"https:\/\/thetanco.ee\/fi\/tuote\/the-tan-co-dark-self-tanningu-setti\/#breadcrumb\"},\"inLanguage\":\"fi\",\"potentialAction\":[{\"@type\":\"ReadAction\",\"target\":[\"https:\/\/thetanco.ee\/fi\/tuote\/the-tan-co-dark-self-tanningu-setti\/\"]}]},{\"@type\":\"ImageObject\",\"inLanguage\":\"fi\",\"@id\":\"https:\/\/thetanco.ee\/fi\/tuote\/the-tan-co-dark-self-tanningu-setti\/#primaryimage\",\"url\":\"https:\/\/thetanco.ee\/wp-content\/uploads\/2022\/06\/TheTanCo-0020-2-Edit-scaled-1.jpg\",\"contentUrl\":\"https:\/\/thetanco.ee\/wp-content\/uploads\/2022\/06\/TheTanCo-0020-2-Edit-scaled-1.jpg\",\"width\":2560,\"height\":2560},{\"@type\":\"BreadcrumbList\",\"@id\":\"https:\/\/thetanco.ee\/fi\/tuote\/the-tan-co-dark-self-tanningu-setti\/#breadcrumb\",\"itemListElement\":[{\"@type\":\"ListItem\",\"position\":1,\"name\":\"Koti\",\"item\":\"https:\/\/thetanco.ee\/fi\/\"},{\"@type\":\"ListItem\",\"position\":2,\"name\":\"Myym\u00e4l\u00e4\",\"item\":\"https:\/\/thetanco.ee\/pood\/\"},{\"@type\":\"ListItem\",\"position\":3,\"name\":\"The Tan Co. Dark &#8211; Itseruskettava sarja\"}]},{\"@type\":\"WebSite\",\"@id\":\"https:\/\/thetanco.ee\/fi\/#website\",\"url\":\"https:\/\/thetanco.ee\/fi\/\",\"name\":\"TheTanCo Esinduskauplus Eestis\",\"description\":\"\",\"potentialAction\":[{\"@type\":\"SearchAction\",\"target\":{\"@type\":\"EntryPoint\",\"urlTemplate\":\"https:\/\/thetanco.ee\/fi\/?s={search_term_string}\"},\"query-input\":{\"@type\":\"PropertyValueSpecification\",\"valueRequired\":true,\"valueName\":\"search_term_string\"}}],\"inLanguage\":\"fi\"}]}<\/script>\n<!-- \/ Yoast SEO plugin. -->","yoast_head_json":{"title":"The Tan Co. Dark - Itseruskettava sarja - TheTanCo Esinduskauplus Eestis","description":"The Tan Co. Dark - Itseruskettava sarja, jossa on opas luonnollisiin rusketuss\u00e4vyihin. Vaahto on ilman atsov\u00e4rej\u00e4 ja antaa nopeasti luonnollisen kes\u00e4rusketuksen.","robots":{"index":"index","follow":"follow","max-snippet":"max-snippet:-1","max-image-preview":"max-image-preview:large","max-video-preview":"max-video-preview:-1"},"canonical":"https:\/\/thetanco.ee\/fi\/tuote\/the-tan-co-dark-self-tanningu-setti\/","og_locale":"fi_FI","og_type":"article","og_title":"The Tan Co. Dark - Itseruskettava sarja - TheTanCo Esinduskauplus Eestis","og_description":"The Tan Co. Dark - Itseruskettava sarja, jossa on opas luonnollisiin rusketuss\u00e4vyihin. Vaahto on ilman atsov\u00e4rej\u00e4 ja antaa nopeasti luonnollisen kes\u00e4rusketuksen.","og_url":"https:\/\/thetanco.ee\/fi\/tuote\/the-tan-co-dark-self-tanningu-setti\/","og_site_name":"TheTanCo Esinduskauplus Eestis","article_modified_time":"2025-10-27T02:15:29+00:00","og_image":[{"width":2560,"height":2560,"url":"https:\/\/thetanco.ee\/wp-content\/uploads\/2022\/06\/TheTanCo-0020-2-Edit-scaled-1.jpg","type":"image\/jpeg"}],"twitter_card":"summary_large_image","twitter_misc":{"Arvioitu lukuaika":"1 minuutti"},"schema":{"@context":"https:\/\/schema.org","@graph":[{"@type":"WebPage","@id":"https:\/\/thetanco.ee\/fi\/tuote\/the-tan-co-dark-self-tanningu-setti\/","url":"https:\/\/thetanco.ee\/fi\/tuote\/the-tan-co-dark-self-tanningu-setti\/","name":"The Tan Co. Dark - Itseruskettava sarja - TheTanCo Esinduskauplus Eestis","isPartOf":{"@id":"https:\/\/thetanco.ee\/fi\/#website"},"primaryImageOfPage":{"@id":"https:\/\/thetanco.ee\/fi\/tuote\/the-tan-co-dark-self-tanningu-setti\/#primaryimage"},"image":{"@id":"https:\/\/thetanco.ee\/fi\/tuote\/the-tan-co-dark-self-tanningu-setti\/#primaryimage"},"thumbnailUrl":"https:\/\/thetanco.ee\/wp-content\/uploads\/2022\/06\/TheTanCo-0020-2-Edit-scaled-1.jpg","datePublished":"2022-06-15T17:26:17+00:00","dateModified":"2025-10-27T02:15:29+00:00","description":"The Tan Co. Dark - Itseruskettava sarja, jossa on opas luonnollisiin rusketuss\u00e4vyihin. Vaahto on ilman atsov\u00e4rej\u00e4 ja antaa nopeasti luonnollisen kes\u00e4rusketuksen.","breadcrumb":{"@id":"https:\/\/thetanco.ee\/fi\/tuote\/the-tan-co-dark-self-tanningu-setti\/#breadcrumb"},"inLanguage":"fi","potentialAction":[{"@type":"ReadAction","target":["https:\/\/thetanco.ee\/fi\/tuote\/the-tan-co-dark-self-tanningu-setti\/"]}]},{"@type":"ImageObject","inLanguage":"fi","@id":"https:\/\/thetanco.ee\/fi\/tuote\/the-tan-co-dark-self-tanningu-setti\/#primaryimage","url":"https:\/\/thetanco.ee\/wp-content\/uploads\/2022\/06\/TheTanCo-0020-2-Edit-scaled-1.jpg","contentUrl":"https:\/\/thetanco.ee\/wp-content\/uploads\/2022\/06\/TheTanCo-0020-2-Edit-scaled-1.jpg","width":2560,"height":2560},{"@type":"BreadcrumbList","@id":"https:\/\/thetanco.ee\/fi\/tuote\/the-tan-co-dark-self-tanningu-setti\/#breadcrumb","itemListElement":[{"@type":"ListItem","position":1,"name":"Koti","item":"https:\/\/thetanco.ee\/fi\/"},{"@type":"ListItem","position":2,"name":"Myym\u00e4l\u00e4","item":"https:\/\/thetanco.ee\/pood\/"},{"@type":"ListItem","position":3,"name":"The Tan Co. Dark &#8211; Itseruskettava sarja"}]},{"@type":"WebSite","@id":"https:\/\/thetanco.ee\/fi\/#website","url":"https:\/\/thetanco.ee\/fi\/","name":"TheTanCo Esinduskauplus Eestis","description":"","potentialAction":[{"@type":"SearchAction","target":{"@type":"EntryPoint","urlTemplate":"https:\/\/thetanco.ee\/fi\/?s={search_term_string}"},"query-input":{"@type":"PropertyValueSpecification","valueRequired":true,"valueName":"search_term_string"}}],"inLanguage":"fi"}]}},"_links":{"self":[{"href":"https:\/\/thetanco.ee\/fi\/wp-json\/wp\/v2\/product\/9883","targetHints":{"allow":["GET"]}}],"collection":[{"href":"https:\/\/thetanco.ee\/fi\/wp-json\/wp\/v2\/product"}],"about":[{"href":"https:\/\/thetanco.ee\/fi\/wp-json\/wp\/v2\/types\/product"}],"replies":[{"embeddable":true,"href":"https:\/\/thetanco.ee\/fi\/wp-json\/wp\/v2\/comments?post=9883"}],"version-history":[{"count":0,"href":"https:\/\/thetanco.ee\/fi\/wp-json\/wp\/v2\/product\/9883\/revisions"}],"wp:featuredmedia":[{"embeddable":true,"href":"https:\/\/thetanco.ee\/fi\/wp-json\/wp\/v2\/media\/9765"}],"wp:attachment":[{"href":"https:\/\/thetanco.ee\/fi\/wp-json\/wp\/v2\/media?parent=9883"}],"wp:term":[{"taxonomy":"product_brand","embeddable":true,"href":"https:\/\/thetanco.ee\/fi\/wp-json\/wp\/v2\/product_brand?post=9883"},{"taxonomy":"product_cat","embeddable":true,"href":"https:\/\/thetanco.ee\/fi\/wp-json\/wp\/v2\/product_cat?post=9883"},{"taxonomy":"product_tag","embeddable":true,"href":"https:\/\/thetanco.ee\/fi\/wp-json\/wp\/v2\/product_tag?post=9883"}],"curies":[{"name":"wp","href":"https:\/\/api.w.org\/{rel}","templated":true}]}}